{"id":4778,"date":"2025-11-14T10:59:51","date_gmt":"2025-11-14T09:59:51","guid":{"rendered":"https:\/\/development.pano-group.com\/abre-uma-sucursal-pano\/"},"modified":"2026-02-10T10:27:01","modified_gmt":"2026-02-10T09:27:01","slug":"abre-uma-sucursal-pano","status":"publish","type":"page","link":"https:\/\/development.pano-group.com\/pt-pt\/abre-uma-sucursal-pano\/","title":{"rendered":"Abre uma sucursal PANO"},"content":{"rendered":"","protected":false},"excerpt":{"rendered":"","protected":false},"author":13,"featured_media":4821,"parent":0,"menu_order":0,"comment_status":"closed","ping_status":"closed","template":"","meta":{"_acf_changed":false,"footnotes":""},"class_list":["post-4778","page","type-page","status-publish","has-post-thumbnail","hentry"],"acf":[],"yoast_head":"<!-- This site is optimized with the Yoast SEO Premium plugin v25.8 (Yoast SEO v25.8) - https:\/\/yoast.com\/wordpress\/plugins\/seo\/ -->\n<title>Abre uma sucursal PANO<\/title>\n<meta name=\"description\" content=\"Descobre todas as etapas e condi\u00e7\u00f5es para abrir uma ag\u00eancia PANO e tornar-te um empres\u00e1rio no sector da comunica\u00e7\u00e3o visual!\" \/>\n<meta name=\"robots\" content=\"index, follow, max-snippet:-1, max-image-preview:large, max-video-preview:-1\" \/>\n<link rel=\"canonical\" href=\"https:\/\/development.pano-group.com\/pt-pt\/abre-uma-sucursal-pano\/\" \/>\n<meta property=\"og:locale\" content=\"pt_PT\" \/>\n<meta property=\"og:type\" content=\"article\" \/>\n<meta property=\"og:title\" content=\"Abre uma sucursal PANO\" \/>\n<meta property=\"og:description\" content=\"Descobre todas as etapas e condi\u00e7\u00f5es para abrir uma ag\u00eancia PANO e tornar-te um empres\u00e1rio no sector da comunica\u00e7\u00e3o visual!\" \/>\n<meta property=\"og:url\" content=\"https:\/\/development.pano-group.com\/pt-pt\/abre-uma-sucursal-pano\/\" \/>\n<meta property=\"og:site_name\" content=\"Entreprendre avec PANO\" \/>\n<meta property=\"article:modified_time\" content=\"2026-02-10T09:27:01+00:00\" \/>\n<meta property=\"og:image\" content=\"https:\/\/development.pano-group.com\/wp-content\/uploads\/sites\/202\/2025\/11\/IMG_4766.jpg\" \/>\n\t<meta property=\"og:image:width\" content=\"1700\" \/>\n\t<meta property=\"og:image:height\" content=\"1275\" \/>\n\t<meta property=\"og:image:type\" content=\"image\/jpeg\" \/>\n<meta name=\"twitter:card\" content=\"summary_large_image\" \/>\n<script type=\"application\/ld+json\" class=\"yoast-schema-graph\">{\"@context\":\"https:\/\/schema.org\",\"@graph\":[{\"@type\":\"WebPage\",\"@id\":\"https:\/\/development.pano-group.com\/pt-pt\/abre-uma-sucursal-pano\/\",\"url\":\"https:\/\/development.pano-group.com\/pt-pt\/abre-uma-sucursal-pano\/\",\"name\":\"Abre uma sucursal PANO\",\"isPartOf\":{\"@id\":\"https:\/\/development.pano-group.com\/pt-pt\/#website\"},\"primaryImageOfPage\":{\"@id\":\"https:\/\/development.pano-group.com\/pt-pt\/abre-uma-sucursal-pano\/#primaryimage\"},\"image\":{\"@id\":\"https:\/\/development.pano-group.com\/pt-pt\/abre-uma-sucursal-pano\/#primaryimage\"},\"thumbnailUrl\":\"https:\/\/development.pano-group.com\/wp-content\/uploads\/sites\/202\/2025\/11\/IMG_4766.jpg\",\"datePublished\":\"2025-11-14T09:59:51+00:00\",\"dateModified\":\"2026-02-10T09:27:01+00:00\",\"description\":\"Descobre todas as etapas e condi\u00e7\u00f5es para abrir uma ag\u00eancia PANO e tornar-te um empres\u00e1rio no sector da comunica\u00e7\u00e3o visual!\",\"breadcrumb\":{\"@id\":\"https:\/\/development.pano-group.com\/pt-pt\/abre-uma-sucursal-pano\/#breadcrumb\"},\"inLanguage\":\"pt-PT\",\"potentialAction\":[{\"@type\":\"ReadAction\",\"target\":[\"https:\/\/development.pano-group.com\/pt-pt\/abre-uma-sucursal-pano\/\"]}]},{\"@type\":\"ImageObject\",\"inLanguage\":\"pt-PT\",\"@id\":\"https:\/\/development.pano-group.com\/pt-pt\/abre-uma-sucursal-pano\/#primaryimage\",\"url\":\"https:\/\/development.pano-group.com\/wp-content\/uploads\/sites\/202\/2025\/11\/IMG_4766.jpg\",\"contentUrl\":\"https:\/\/development.pano-group.com\/wp-content\/uploads\/sites\/202\/2025\/11\/IMG_4766.jpg\",\"width\":1700,\"height\":1275,\"caption\":\"Espace d'accueil client dans une agence PANO avec showroom, comptoir et espace de graphisme\"},{\"@type\":\"BreadcrumbList\",\"@id\":\"https:\/\/development.pano-group.com\/pt-pt\/abre-uma-sucursal-pano\/#breadcrumb\",\"itemListElement\":[{\"@type\":\"ListItem\",\"position\":1,\"name\":\"Accueil\",\"item\":\"https:\/\/development.pano-group.com\/pt-pt\/torna-te-um-ator-da-comunicacao-visual-com-pano\/\"},{\"@type\":\"ListItem\",\"position\":2,\"name\":\"Abre uma sucursal PANO\"}]},{\"@type\":\"WebSite\",\"@id\":\"https:\/\/development.pano-group.com\/pt-pt\/#website\",\"url\":\"https:\/\/development.pano-group.com\/pt-pt\/\",\"name\":\"Entreprendre avec PANO\",\"description\":\"\",\"potentialAction\":[{\"@type\":\"SearchAction\",\"target\":{\"@type\":\"EntryPoint\",\"urlTemplate\":\"https:\/\/development.pano-group.com\/pt-pt\/?s={search_term_string}\"},\"query-input\":{\"@type\":\"PropertyValueSpecification\",\"valueRequired\":true,\"valueName\":\"search_term_string\"}}],\"inLanguage\":\"pt-PT\"}]}<\/script>\n<!-- \/ Yoast SEO Premium plugin. -->","yoast_head_json":{"title":"Abre uma sucursal PANO","description":"Descobre todas as etapas e condi\u00e7\u00f5es para abrir uma ag\u00eancia PANO e tornar-te um empres\u00e1rio no sector da comunica\u00e7\u00e3o visual!","robots":{"index":"index","follow":"follow","max-snippet":"max-snippet:-1","max-image-preview":"max-image-preview:large","max-video-preview":"max-video-preview:-1"},"canonical":"https:\/\/development.pano-group.com\/pt-pt\/abre-uma-sucursal-pano\/","og_locale":"pt_PT","og_type":"article","og_title":"Abre uma sucursal PANO","og_description":"Descobre todas as etapas e condi\u00e7\u00f5es para abrir uma ag\u00eancia PANO e tornar-te um empres\u00e1rio no sector da comunica\u00e7\u00e3o visual!","og_url":"https:\/\/development.pano-group.com\/pt-pt\/abre-uma-sucursal-pano\/","og_site_name":"Entreprendre avec PANO","article_modified_time":"2026-02-10T09:27:01+00:00","og_image":[{"width":1700,"height":1275,"url":"https:\/\/development.pano-group.com\/wp-content\/uploads\/sites\/202\/2025\/11\/IMG_4766.jpg","type":"image\/jpeg"}],"twitter_card":"summary_large_image","schema":{"@context":"https:\/\/schema.org","@graph":[{"@type":"WebPage","@id":"https:\/\/development.pano-group.com\/pt-pt\/abre-uma-sucursal-pano\/","url":"https:\/\/development.pano-group.com\/pt-pt\/abre-uma-sucursal-pano\/","name":"Abre uma sucursal PANO","isPartOf":{"@id":"https:\/\/development.pano-group.com\/pt-pt\/#website"},"primaryImageOfPage":{"@id":"https:\/\/development.pano-group.com\/pt-pt\/abre-uma-sucursal-pano\/#primaryimage"},"image":{"@id":"https:\/\/development.pano-group.com\/pt-pt\/abre-uma-sucursal-pano\/#primaryimage"},"thumbnailUrl":"https:\/\/development.pano-group.com\/wp-content\/uploads\/sites\/202\/2025\/11\/IMG_4766.jpg","datePublished":"2025-11-14T09:59:51+00:00","dateModified":"2026-02-10T09:27:01+00:00","description":"Descobre todas as etapas e condi\u00e7\u00f5es para abrir uma ag\u00eancia PANO e tornar-te um empres\u00e1rio no sector da comunica\u00e7\u00e3o visual!","breadcrumb":{"@id":"https:\/\/development.pano-group.com\/pt-pt\/abre-uma-sucursal-pano\/#breadcrumb"},"inLanguage":"pt-PT","potentialAction":[{"@type":"ReadAction","target":["https:\/\/development.pano-group.com\/pt-pt\/abre-uma-sucursal-pano\/"]}]},{"@type":"ImageObject","inLanguage":"pt-PT","@id":"https:\/\/development.pano-group.com\/pt-pt\/abre-uma-sucursal-pano\/#primaryimage","url":"https:\/\/development.pano-group.com\/wp-content\/uploads\/sites\/202\/2025\/11\/IMG_4766.jpg","contentUrl":"https:\/\/development.pano-group.com\/wp-content\/uploads\/sites\/202\/2025\/11\/IMG_4766.jpg","width":1700,"height":1275,"caption":"Espace d'accueil client dans une agence PANO avec showroom, comptoir et espace de graphisme"},{"@type":"BreadcrumbList","@id":"https:\/\/development.pano-group.com\/pt-pt\/abre-uma-sucursal-pano\/#breadcrumb","itemListElement":[{"@type":"ListItem","position":1,"name":"Accueil","item":"https:\/\/development.pano-group.com\/pt-pt\/torna-te-um-ator-da-comunicacao-visual-com-pano\/"},{"@type":"ListItem","position":2,"name":"Abre uma sucursal PANO"}]},{"@type":"WebSite","@id":"https:\/\/development.pano-group.com\/pt-pt\/#website","url":"https:\/\/development.pano-group.com\/pt-pt\/","name":"Entreprendre avec PANO","description":"","potentialAction":[{"@type":"SearchAction","target":{"@type":"EntryPoint","urlTemplate":"https:\/\/development.pano-group.com\/pt-pt\/?s={search_term_string}"},"query-input":{"@type":"PropertyValueSpecification","valueRequired":true,"valueName":"search_term_string"}}],"inLanguage":"pt-PT"}]}},"_links":{"self":[{"href":"https:\/\/development.pano-group.com\/pt-pt\/wp-json\/wp\/v2\/pages\/4778","targetHints":{"allow":["GET"]}}],"collection":[{"href":"https:\/\/development.pano-group.com\/pt-pt\/wp-json\/wp\/v2\/pages"}],"about":[{"href":"https:\/\/development.pano-group.com\/pt-pt\/wp-json\/wp\/v2\/types\/page"}],"author":[{"embeddable":true,"href":"https:\/\/development.pano-group.com\/pt-pt\/wp-json\/wp\/v2\/users\/13"}],"replies":[{"embeddable":true,"href":"https:\/\/development.pano-group.com\/pt-pt\/wp-json\/wp\/v2\/comments?post=4778"}],"version-history":[{"count":1,"href":"https:\/\/development.pano-group.com\/pt-pt\/wp-json\/wp\/v2\/pages\/4778\/revisions"}],"predecessor-version":[{"id":4822,"href":"https:\/\/development.pano-group.com\/pt-pt\/wp-json\/wp\/v2\/pages\/4778\/revisions\/4822"}],"wp:featuredmedia":[{"embeddable":true,"href":"https:\/\/development.pano-group.com\/pt-pt\/wp-json\/wp\/v2\/media\/4821"}],"wp:attachment":[{"href":"https:\/\/development.pano-group.com\/pt-pt\/wp-json\/wp\/v2\/media?parent=4778"}],"curies":[{"name":"wp","href":"https:\/\/api.w.org\/{rel}","templated":true}]}}