{"id":4630,"date":"2025-11-14T12:14:17","date_gmt":"2025-11-14T11:14:17","guid":{"rendered":"https:\/\/development.pano-group.com\/diversificar-com-pano\/"},"modified":"2026-02-10T10:25:41","modified_gmt":"2026-02-10T09:25:41","slug":"diversificar-com-pano","status":"publish","type":"page","link":"https:\/\/development.pano-group.com\/pt-pt\/diversificar-com-pano\/","title":{"rendered":"Diversificar com PANO"},"content":{"rendered":"","protected":false},"excerpt":{"rendered":"","protected":false},"author":13,"featured_media":4639,"parent":0,"menu_order":0,"comment_status":"closed","ping_status":"closed","template":"","meta":{"_acf_changed":false,"footnotes":""},"class_list":["post-4630","page","type-page","status-publish","has-post-thumbnail","hentry"],"acf":[],"yoast_head":"<!-- This site is optimized with the Yoast SEO Premium plugin v25.8 (Yoast SEO v25.8) - https:\/\/yoast.com\/wordpress\/plugins\/seo\/ -->\n<title>Diversifica\u00e7\u00e3o com a PANO atrav\u00e9s do desenvolvimento de co-branding<\/title>\n<meta name=\"description\" content=\"Diversifica com PANO e desenvolve a sua atividade. Beneficia de uma marca reconhecida e de um acompanhamento personalizado.\" \/>\n<meta name=\"robots\" content=\"index, follow, max-snippet:-1, max-image-preview:large, max-video-preview:-1\" \/>\n<link rel=\"canonical\" href=\"https:\/\/development.pano-group.com\/pt-pt\/diversificar-com-pano\/\" \/>\n<meta property=\"og:locale\" content=\"pt_PT\" \/>\n<meta property=\"og:type\" content=\"article\" \/>\n<meta property=\"og:title\" content=\"Diversificar com PANO\" \/>\n<meta property=\"og:description\" content=\"Diversifica com PANO e desenvolve a sua atividade. Beneficia de uma marca reconhecida e de um acompanhamento personalizado.\" \/>\n<meta property=\"og:url\" content=\"https:\/\/development.pano-group.com\/pt-pt\/diversificar-com-pano\/\" \/>\n<meta property=\"og:site_name\" content=\"Entreprendre avec PANO\" \/>\n<meta property=\"article:modified_time\" content=\"2026-02-10T09:25:41+00:00\" \/>\n<meta property=\"og:image\" content=\"https:\/\/development.pano-group.com\/wp-content\/uploads\/sites\/202\/2025\/11\/PANO-Douai3.jpg\" \/>\n\t<meta property=\"og:image:width\" content=\"1200\" \/>\n\t<meta property=\"og:image:height\" content=\"1200\" \/>\n\t<meta property=\"og:image:type\" content=\"image\/jpeg\" \/>\n<meta name=\"twitter:card\" content=\"summary_large_image\" \/>\n<script type=\"application\/ld+json\" class=\"yoast-schema-graph\">{\"@context\":\"https:\/\/schema.org\",\"@graph\":[{\"@type\":\"WebPage\",\"@id\":\"https:\/\/development.pano-group.com\/pt-pt\/diversificar-com-pano\/\",\"url\":\"https:\/\/development.pano-group.com\/pt-pt\/diversificar-com-pano\/\",\"name\":\"Diversifica\u00e7\u00e3o com a PANO atrav\u00e9s do desenvolvimento de co-branding\",\"isPartOf\":{\"@id\":\"https:\/\/development.pano-group.com\/pt-pt\/#website\"},\"primaryImageOfPage\":{\"@id\":\"https:\/\/development.pano-group.com\/pt-pt\/diversificar-com-pano\/#primaryimage\"},\"image\":{\"@id\":\"https:\/\/development.pano-group.com\/pt-pt\/diversificar-com-pano\/#primaryimage\"},\"thumbnailUrl\":\"https:\/\/development.pano-group.com\/wp-content\/uploads\/sites\/202\/2025\/11\/PANO-Douai3.jpg\",\"datePublished\":\"2025-11-14T11:14:17+00:00\",\"dateModified\":\"2026-02-10T09:25:41+00:00\",\"description\":\"Diversifica com PANO e desenvolve a sua atividade. Beneficia de uma marca reconhecida e de um acompanhamento personalizado.\",\"breadcrumb\":{\"@id\":\"https:\/\/development.pano-group.com\/pt-pt\/diversificar-com-pano\/#breadcrumb\"},\"inLanguage\":\"pt-PT\",\"potentialAction\":[{\"@type\":\"ReadAction\",\"target\":[\"https:\/\/development.pano-group.com\/pt-pt\/diversificar-com-pano\/\"]}]},{\"@type\":\"ImageObject\",\"inLanguage\":\"pt-PT\",\"@id\":\"https:\/\/development.pano-group.com\/pt-pt\/diversificar-com-pano\/#primaryimage\",\"url\":\"https:\/\/development.pano-group.com\/wp-content\/uploads\/sites\/202\/2025\/11\/PANO-Douai3.jpg\",\"contentUrl\":\"https:\/\/development.pano-group.com\/wp-content\/uploads\/sites\/202\/2025\/11\/PANO-Douai3.jpg\",\"width\":1200,\"height\":1200},{\"@type\":\"BreadcrumbList\",\"@id\":\"https:\/\/development.pano-group.com\/pt-pt\/diversificar-com-pano\/#breadcrumb\",\"itemListElement\":[{\"@type\":\"ListItem\",\"position\":1,\"name\":\"Accueil\",\"item\":\"https:\/\/development.pano-group.com\/pt-pt\/torna-te-um-ator-da-comunicacao-visual-com-pano\/\"},{\"@type\":\"ListItem\",\"position\":2,\"name\":\"Diversificar com PANO\"}]},{\"@type\":\"WebSite\",\"@id\":\"https:\/\/development.pano-group.com\/pt-pt\/#website\",\"url\":\"https:\/\/development.pano-group.com\/pt-pt\/\",\"name\":\"Entreprendre avec PANO\",\"description\":\"\",\"potentialAction\":[{\"@type\":\"SearchAction\",\"target\":{\"@type\":\"EntryPoint\",\"urlTemplate\":\"https:\/\/development.pano-group.com\/pt-pt\/?s={search_term_string}\"},\"query-input\":{\"@type\":\"PropertyValueSpecification\",\"valueRequired\":true,\"valueName\":\"search_term_string\"}}],\"inLanguage\":\"pt-PT\"}]}<\/script>\n<!-- \/ Yoast SEO Premium plugin. -->","yoast_head_json":{"title":"Diversifica\u00e7\u00e3o com a PANO atrav\u00e9s do desenvolvimento de co-branding","description":"Diversifica com PANO e desenvolve a sua atividade. Beneficia de uma marca reconhecida e de um acompanhamento personalizado.","robots":{"index":"index","follow":"follow","max-snippet":"max-snippet:-1","max-image-preview":"max-image-preview:large","max-video-preview":"max-video-preview:-1"},"canonical":"https:\/\/development.pano-group.com\/pt-pt\/diversificar-com-pano\/","og_locale":"pt_PT","og_type":"article","og_title":"Diversificar com PANO","og_description":"Diversifica com PANO e desenvolve a sua atividade. Beneficia de uma marca reconhecida e de um acompanhamento personalizado.","og_url":"https:\/\/development.pano-group.com\/pt-pt\/diversificar-com-pano\/","og_site_name":"Entreprendre avec PANO","article_modified_time":"2026-02-10T09:25:41+00:00","og_image":[{"width":1200,"height":1200,"url":"https:\/\/development.pano-group.com\/wp-content\/uploads\/sites\/202\/2025\/11\/PANO-Douai3.jpg","type":"image\/jpeg"}],"twitter_card":"summary_large_image","schema":{"@context":"https:\/\/schema.org","@graph":[{"@type":"WebPage","@id":"https:\/\/development.pano-group.com\/pt-pt\/diversificar-com-pano\/","url":"https:\/\/development.pano-group.com\/pt-pt\/diversificar-com-pano\/","name":"Diversifica\u00e7\u00e3o com a PANO atrav\u00e9s do desenvolvimento de co-branding","isPartOf":{"@id":"https:\/\/development.pano-group.com\/pt-pt\/#website"},"primaryImageOfPage":{"@id":"https:\/\/development.pano-group.com\/pt-pt\/diversificar-com-pano\/#primaryimage"},"image":{"@id":"https:\/\/development.pano-group.com\/pt-pt\/diversificar-com-pano\/#primaryimage"},"thumbnailUrl":"https:\/\/development.pano-group.com\/wp-content\/uploads\/sites\/202\/2025\/11\/PANO-Douai3.jpg","datePublished":"2025-11-14T11:14:17+00:00","dateModified":"2026-02-10T09:25:41+00:00","description":"Diversifica com PANO e desenvolve a sua atividade. Beneficia de uma marca reconhecida e de um acompanhamento personalizado.","breadcrumb":{"@id":"https:\/\/development.pano-group.com\/pt-pt\/diversificar-com-pano\/#breadcrumb"},"inLanguage":"pt-PT","potentialAction":[{"@type":"ReadAction","target":["https:\/\/development.pano-group.com\/pt-pt\/diversificar-com-pano\/"]}]},{"@type":"ImageObject","inLanguage":"pt-PT","@id":"https:\/\/development.pano-group.com\/pt-pt\/diversificar-com-pano\/#primaryimage","url":"https:\/\/development.pano-group.com\/wp-content\/uploads\/sites\/202\/2025\/11\/PANO-Douai3.jpg","contentUrl":"https:\/\/development.pano-group.com\/wp-content\/uploads\/sites\/202\/2025\/11\/PANO-Douai3.jpg","width":1200,"height":1200},{"@type":"BreadcrumbList","@id":"https:\/\/development.pano-group.com\/pt-pt\/diversificar-com-pano\/#breadcrumb","itemListElement":[{"@type":"ListItem","position":1,"name":"Accueil","item":"https:\/\/development.pano-group.com\/pt-pt\/torna-te-um-ator-da-comunicacao-visual-com-pano\/"},{"@type":"ListItem","position":2,"name":"Diversificar com PANO"}]},{"@type":"WebSite","@id":"https:\/\/development.pano-group.com\/pt-pt\/#website","url":"https:\/\/development.pano-group.com\/pt-pt\/","name":"Entreprendre avec PANO","description":"","potentialAction":[{"@type":"SearchAction","target":{"@type":"EntryPoint","urlTemplate":"https:\/\/development.pano-group.com\/pt-pt\/?s={search_term_string}"},"query-input":{"@type":"PropertyValueSpecification","valueRequired":true,"valueName":"search_term_string"}}],"inLanguage":"pt-PT"}]}},"_links":{"self":[{"href":"https:\/\/development.pano-group.com\/pt-pt\/wp-json\/wp\/v2\/pages\/4630","targetHints":{"allow":["GET"]}}],"collection":[{"href":"https:\/\/development.pano-group.com\/pt-pt\/wp-json\/wp\/v2\/pages"}],"about":[{"href":"https:\/\/development.pano-group.com\/pt-pt\/wp-json\/wp\/v2\/types\/page"}],"author":[{"embeddable":true,"href":"https:\/\/development.pano-group.com\/pt-pt\/wp-json\/wp\/v2\/users\/13"}],"replies":[{"embeddable":true,"href":"https:\/\/development.pano-group.com\/pt-pt\/wp-json\/wp\/v2\/comments?post=4630"}],"version-history":[{"count":1,"href":"https:\/\/development.pano-group.com\/pt-pt\/wp-json\/wp\/v2\/pages\/4630\/revisions"}],"predecessor-version":[{"id":4640,"href":"https:\/\/development.pano-group.com\/pt-pt\/wp-json\/wp\/v2\/pages\/4630\/revisions\/4640"}],"wp:featuredmedia":[{"embeddable":true,"href":"https:\/\/development.pano-group.com\/pt-pt\/wp-json\/wp\/v2\/media\/4639"}],"wp:attachment":[{"href":"https:\/\/development.pano-group.com\/pt-pt\/wp-json\/wp\/v2\/media?parent=4630"}],"curies":[{"name":"wp","href":"https:\/\/api.w.org\/{rel}","templated":true}]}}