{"id":4205,"date":"2025-11-28T12:41:36","date_gmt":"2025-11-28T11:41:36","guid":{"rendered":"https:\/\/development.pano-group.com\/torna-te-um-investidor-gestor-pano\/"},"modified":"2025-11-28T12:41:36","modified_gmt":"2025-11-28T11:41:36","slug":"torna-te-um-investidor-gestor-pano","status":"publish","type":"page","link":"https:\/\/development.pano-group.com\/pt-pt\/torna-te-um-investidor-gestor-pano\/","title":{"rendered":"Torna-te um investidor\/gestor PANO"},"content":{"rendered":"","protected":false},"excerpt":{"rendered":"","protected":false},"author":13,"featured_media":4207,"parent":0,"menu_order":0,"comment_status":"closed","ping_status":"closed","template":"","meta":{"_acf_changed":false,"footnotes":""},"class_list":["post-4205","page","type-page","status-publish","has-post-thumbnail","hentry"],"acf":[],"yoast_head":"<!-- This site is optimized with the Yoast SEO Premium plugin v25.8 (Yoast SEO v25.8) - https:\/\/yoast.com\/wordpress\/plugins\/seo\/ -->\n<title>Torna-te um investidor\/gestor PANO e gere v\u00e1rias sucursais<\/title>\n<meta name=\"description\" content=\"Como se tornar um investidor \/ gestor PANO? Descobre tudo sobre o processo e as etapas da gest\u00e3o de v\u00e1rias ag\u00eancias PANO.\" \/>\n<meta name=\"robots\" content=\"index, follow, max-snippet:-1, max-image-preview:large, max-video-preview:-1\" \/>\n<link rel=\"canonical\" href=\"https:\/\/development.pano-group.com\/pt-pt\/torna-te-um-investidor-gestor-pano\/\" \/>\n<meta property=\"og:locale\" content=\"pt_PT\" \/>\n<meta property=\"og:type\" content=\"article\" \/>\n<meta property=\"og:title\" content=\"Torna-te um investidor\/gestor PANO\" \/>\n<meta property=\"og:description\" content=\"Como se tornar um investidor \/ gestor PANO? Descobre tudo sobre o processo e as etapas da gest\u00e3o de v\u00e1rias ag\u00eancias PANO.\" \/>\n<meta property=\"og:url\" content=\"https:\/\/development.pano-group.com\/pt-pt\/torna-te-um-investidor-gestor-pano\/\" \/>\n<meta property=\"og:site_name\" content=\"Entreprendre avec PANO\" \/>\n<meta property=\"og:image\" content=\"https:\/\/development.pano-group.com\/wp-content\/uploads\/sites\/202\/2025\/11\/image-20-e1763734752334.png\" \/>\n\t<meta property=\"og:image:width\" content=\"826\" \/>\n\t<meta property=\"og:image:height\" content=\"850\" \/>\n\t<meta property=\"og:image:type\" content=\"image\/png\" \/>\n<meta name=\"twitter:card\" content=\"summary_large_image\" \/>\n<script type=\"application\/ld+json\" class=\"yoast-schema-graph\">{\"@context\":\"https:\/\/schema.org\",\"@graph\":[{\"@type\":\"WebPage\",\"@id\":\"https:\/\/development.pano-group.com\/pt-pt\/torna-te-um-investidor-gestor-pano\/\",\"url\":\"https:\/\/development.pano-group.com\/pt-pt\/torna-te-um-investidor-gestor-pano\/\",\"name\":\"Torna-te um investidor\/gestor PANO e gere v\u00e1rias sucursais\",\"isPartOf\":{\"@id\":\"https:\/\/development.pano-group.com\/pt-pt\/#website\"},\"primaryImageOfPage\":{\"@id\":\"https:\/\/development.pano-group.com\/pt-pt\/torna-te-um-investidor-gestor-pano\/#primaryimage\"},\"image\":{\"@id\":\"https:\/\/development.pano-group.com\/pt-pt\/torna-te-um-investidor-gestor-pano\/#primaryimage\"},\"thumbnailUrl\":\"https:\/\/development.pano-group.com\/wp-content\/uploads\/sites\/202\/2025\/11\/image-20-e1763734752334.png\",\"datePublished\":\"2025-11-28T11:41:36+00:00\",\"description\":\"Como se tornar um investidor \/ gestor PANO? Descobre tudo sobre o processo e as etapas da gest\u00e3o de v\u00e1rias ag\u00eancias PANO.\",\"breadcrumb\":{\"@id\":\"https:\/\/development.pano-group.com\/pt-pt\/torna-te-um-investidor-gestor-pano\/#breadcrumb\"},\"inLanguage\":\"pt-PT\",\"potentialAction\":[{\"@type\":\"ReadAction\",\"target\":[\"https:\/\/development.pano-group.com\/pt-pt\/torna-te-um-investidor-gestor-pano\/\"]}]},{\"@type\":\"ImageObject\",\"inLanguage\":\"pt-PT\",\"@id\":\"https:\/\/development.pano-group.com\/pt-pt\/torna-te-um-investidor-gestor-pano\/#primaryimage\",\"url\":\"https:\/\/development.pano-group.com\/wp-content\/uploads\/sites\/202\/2025\/11\/image-20-e1763734752334.png\",\"contentUrl\":\"https:\/\/development.pano-group.com\/wp-content\/uploads\/sites\/202\/2025\/11\/image-20-e1763734752334.png\",\"width\":826,\"height\":850},{\"@type\":\"BreadcrumbList\",\"@id\":\"https:\/\/development.pano-group.com\/pt-pt\/torna-te-um-investidor-gestor-pano\/#breadcrumb\",\"itemListElement\":[{\"@type\":\"ListItem\",\"position\":1,\"name\":\"Accueil\",\"item\":\"https:\/\/development.pano-group.com\/pt-pt\/torna-te-um-ator-da-comunicacao-visual-com-pano\/\"},{\"@type\":\"ListItem\",\"position\":2,\"name\":\"Torna-te um investidor\/gestor PANO\"}]},{\"@type\":\"WebSite\",\"@id\":\"https:\/\/development.pano-group.com\/pt-pt\/#website\",\"url\":\"https:\/\/development.pano-group.com\/pt-pt\/\",\"name\":\"Entreprendre avec PANO\",\"description\":\"\",\"potentialAction\":[{\"@type\":\"SearchAction\",\"target\":{\"@type\":\"EntryPoint\",\"urlTemplate\":\"https:\/\/development.pano-group.com\/pt-pt\/?s={search_term_string}\"},\"query-input\":{\"@type\":\"PropertyValueSpecification\",\"valueRequired\":true,\"valueName\":\"search_term_string\"}}],\"inLanguage\":\"pt-PT\"}]}<\/script>\n<!-- \/ Yoast SEO Premium plugin. -->","yoast_head_json":{"title":"Torna-te um investidor\/gestor PANO e gere v\u00e1rias sucursais","description":"Como se tornar um investidor \/ gestor PANO? Descobre tudo sobre o processo e as etapas da gest\u00e3o de v\u00e1rias ag\u00eancias PANO.","robots":{"index":"index","follow":"follow","max-snippet":"max-snippet:-1","max-image-preview":"max-image-preview:large","max-video-preview":"max-video-preview:-1"},"canonical":"https:\/\/development.pano-group.com\/pt-pt\/torna-te-um-investidor-gestor-pano\/","og_locale":"pt_PT","og_type":"article","og_title":"Torna-te um investidor\/gestor PANO","og_description":"Como se tornar um investidor \/ gestor PANO? Descobre tudo sobre o processo e as etapas da gest\u00e3o de v\u00e1rias ag\u00eancias PANO.","og_url":"https:\/\/development.pano-group.com\/pt-pt\/torna-te-um-investidor-gestor-pano\/","og_site_name":"Entreprendre avec PANO","og_image":[{"width":826,"height":850,"url":"https:\/\/development.pano-group.com\/wp-content\/uploads\/sites\/202\/2025\/11\/image-20-e1763734752334.png","type":"image\/png"}],"twitter_card":"summary_large_image","schema":{"@context":"https:\/\/schema.org","@graph":[{"@type":"WebPage","@id":"https:\/\/development.pano-group.com\/pt-pt\/torna-te-um-investidor-gestor-pano\/","url":"https:\/\/development.pano-group.com\/pt-pt\/torna-te-um-investidor-gestor-pano\/","name":"Torna-te um investidor\/gestor PANO e gere v\u00e1rias sucursais","isPartOf":{"@id":"https:\/\/development.pano-group.com\/pt-pt\/#website"},"primaryImageOfPage":{"@id":"https:\/\/development.pano-group.com\/pt-pt\/torna-te-um-investidor-gestor-pano\/#primaryimage"},"image":{"@id":"https:\/\/development.pano-group.com\/pt-pt\/torna-te-um-investidor-gestor-pano\/#primaryimage"},"thumbnailUrl":"https:\/\/development.pano-group.com\/wp-content\/uploads\/sites\/202\/2025\/11\/image-20-e1763734752334.png","datePublished":"2025-11-28T11:41:36+00:00","description":"Como se tornar um investidor \/ gestor PANO? Descobre tudo sobre o processo e as etapas da gest\u00e3o de v\u00e1rias ag\u00eancias PANO.","breadcrumb":{"@id":"https:\/\/development.pano-group.com\/pt-pt\/torna-te-um-investidor-gestor-pano\/#breadcrumb"},"inLanguage":"pt-PT","potentialAction":[{"@type":"ReadAction","target":["https:\/\/development.pano-group.com\/pt-pt\/torna-te-um-investidor-gestor-pano\/"]}]},{"@type":"ImageObject","inLanguage":"pt-PT","@id":"https:\/\/development.pano-group.com\/pt-pt\/torna-te-um-investidor-gestor-pano\/#primaryimage","url":"https:\/\/development.pano-group.com\/wp-content\/uploads\/sites\/202\/2025\/11\/image-20-e1763734752334.png","contentUrl":"https:\/\/development.pano-group.com\/wp-content\/uploads\/sites\/202\/2025\/11\/image-20-e1763734752334.png","width":826,"height":850},{"@type":"BreadcrumbList","@id":"https:\/\/development.pano-group.com\/pt-pt\/torna-te-um-investidor-gestor-pano\/#breadcrumb","itemListElement":[{"@type":"ListItem","position":1,"name":"Accueil","item":"https:\/\/development.pano-group.com\/pt-pt\/torna-te-um-ator-da-comunicacao-visual-com-pano\/"},{"@type":"ListItem","position":2,"name":"Torna-te um investidor\/gestor PANO"}]},{"@type":"WebSite","@id":"https:\/\/development.pano-group.com\/pt-pt\/#website","url":"https:\/\/development.pano-group.com\/pt-pt\/","name":"Entreprendre avec PANO","description":"","potentialAction":[{"@type":"SearchAction","target":{"@type":"EntryPoint","urlTemplate":"https:\/\/development.pano-group.com\/pt-pt\/?s={search_term_string}"},"query-input":{"@type":"PropertyValueSpecification","valueRequired":true,"valueName":"search_term_string"}}],"inLanguage":"pt-PT"}]}},"_links":{"self":[{"href":"https:\/\/development.pano-group.com\/pt-pt\/wp-json\/wp\/v2\/pages\/4205","targetHints":{"allow":["GET"]}}],"collection":[{"href":"https:\/\/development.pano-group.com\/pt-pt\/wp-json\/wp\/v2\/pages"}],"about":[{"href":"https:\/\/development.pano-group.com\/pt-pt\/wp-json\/wp\/v2\/types\/page"}],"author":[{"embeddable":true,"href":"https:\/\/development.pano-group.com\/pt-pt\/wp-json\/wp\/v2\/users\/13"}],"replies":[{"embeddable":true,"href":"https:\/\/development.pano-group.com\/pt-pt\/wp-json\/wp\/v2\/comments?post=4205"}],"version-history":[{"count":0,"href":"https:\/\/development.pano-group.com\/pt-pt\/wp-json\/wp\/v2\/pages\/4205\/revisions"}],"wp:featuredmedia":[{"embeddable":true,"href":"https:\/\/development.pano-group.com\/pt-pt\/wp-json\/wp\/v2\/media\/4207"}],"wp:attachment":[{"href":"https:\/\/development.pano-group.com\/pt-pt\/wp-json\/wp\/v2\/media?parent=4205"}],"curies":[{"name":"wp","href":"https:\/\/api.w.org\/{rel}","templated":true}]}}