{"id":4506,"date":"2025-11-14T17:10:52","date_gmt":"2025-11-14T16:10:52","guid":{"rendered":"https:\/\/development.pano-group.com\/het-pano-agentschap\/"},"modified":"2025-11-14T17:10:52","modified_gmt":"2025-11-14T16:10:52","slug":"het-pano-agentschap","status":"publish","type":"page","link":"https:\/\/development.pano-group.com\/nl\/het-pano-agentschap\/","title":{"rendered":"Het PANO agentschap"},"content":{"rendered":"","protected":false},"excerpt":{"rendered":"","protected":false},"author":13,"featured_media":4517,"parent":0,"menu_order":0,"comment_status":"closed","ping_status":"closed","template":"","meta":{"_acf_changed":false,"footnotes":""},"class_list":["post-4506","page","type-page","status-publish","has-post-thumbnail","hentry"],"acf":[],"yoast_head":"<!-- This site is optimized with the Yoast SEO Premium plugin v25.8 (Yoast SEO v25.8) - https:\/\/yoast.com\/wordpress\/plugins\/seo\/ -->\n<title>Wat is een PANO agentschap?<\/title>\n<meta name=\"description\" content=\"Ontdek de wereld van een PANO agentschap, een bedrijf gespecialiseerd in bewegwijzering en branding. Word PANO dealer!\" \/>\n<meta name=\"robots\" content=\"index, follow, max-snippet:-1, max-image-preview:large, max-video-preview:-1\" \/>\n<link rel=\"canonical\" href=\"https:\/\/development.pano-group.com\/nl\/het-pano-agentschap\/\" \/>\n<meta property=\"og:locale\" content=\"nl_NL\" \/>\n<meta property=\"og:type\" content=\"article\" \/>\n<meta property=\"og:title\" content=\"Het PANO agentschap\" \/>\n<meta property=\"og:description\" content=\"Ontdek de wereld van een PANO agentschap, een bedrijf gespecialiseerd in bewegwijzering en branding. Word PANO dealer!\" \/>\n<meta property=\"og:url\" content=\"https:\/\/development.pano-group.com\/nl\/het-pano-agentschap\/\" \/>\n<meta property=\"og:site_name\" content=\"Entreprendre avec PANO\" \/>\n<meta property=\"og:image\" content=\"https:\/\/development.pano-group.com\/wp-content\/uploads\/sites\/202\/2026\/01\/Lagence-PANO-Interieur.png\" \/>\n\t<meta property=\"og:image:width\" content=\"1600\" \/>\n\t<meta property=\"og:image:height\" content=\"500\" \/>\n\t<meta property=\"og:image:type\" content=\"image\/png\" \/>\n<meta name=\"twitter:card\" content=\"summary_large_image\" \/>\n<script type=\"application\/ld+json\" class=\"yoast-schema-graph\">{\"@context\":\"https:\/\/schema.org\",\"@graph\":[{\"@type\":\"WebPage\",\"@id\":\"https:\/\/development.pano-group.com\/nl\/het-pano-agentschap\/\",\"url\":\"https:\/\/development.pano-group.com\/nl\/het-pano-agentschap\/\",\"name\":\"Wat is een PANO agentschap?\",\"isPartOf\":{\"@id\":\"https:\/\/development.pano-group.com\/nl\/#website\"},\"primaryImageOfPage\":{\"@id\":\"https:\/\/development.pano-group.com\/nl\/het-pano-agentschap\/#primaryimage\"},\"image\":{\"@id\":\"https:\/\/development.pano-group.com\/nl\/het-pano-agentschap\/#primaryimage\"},\"thumbnailUrl\":\"https:\/\/development.pano-group.com\/wp-content\/uploads\/sites\/202\/2026\/01\/Lagence-PANO-Interieur.png\",\"datePublished\":\"2025-11-14T16:10:52+00:00\",\"description\":\"Ontdek de wereld van een PANO agentschap, een bedrijf gespecialiseerd in bewegwijzering en branding. Word PANO dealer!\",\"breadcrumb\":{\"@id\":\"https:\/\/development.pano-group.com\/nl\/het-pano-agentschap\/#breadcrumb\"},\"inLanguage\":\"nl-NL\",\"potentialAction\":[{\"@type\":\"ReadAction\",\"target\":[\"https:\/\/development.pano-group.com\/nl\/het-pano-agentschap\/\"]}]},{\"@type\":\"ImageObject\",\"inLanguage\":\"nl-NL\",\"@id\":\"https:\/\/development.pano-group.com\/nl\/het-pano-agentschap\/#primaryimage\",\"url\":\"https:\/\/development.pano-group.com\/wp-content\/uploads\/sites\/202\/2026\/01\/Lagence-PANO-Interieur.png\",\"contentUrl\":\"https:\/\/development.pano-group.com\/wp-content\/uploads\/sites\/202\/2026\/01\/Lagence-PANO-Interieur.png\",\"width\":1600,\"height\":500,\"caption\":\"Int\u00e9rieur d'une agence PANO avec adh\u00e9sifs, traceur num\u00e9rique, plotter de d\u00e9coupe\"},{\"@type\":\"BreadcrumbList\",\"@id\":\"https:\/\/development.pano-group.com\/nl\/het-pano-agentschap\/#breadcrumb\",\"itemListElement\":[{\"@type\":\"ListItem\",\"position\":1,\"name\":\"Accueil\",\"item\":\"https:\/\/development.pano-group.com\/nl\/word-een-speler-in-visuele-communicatie-met-pano\/\"},{\"@type\":\"ListItem\",\"position\":2,\"name\":\"Het PANO agentschap\"}]},{\"@type\":\"WebSite\",\"@id\":\"https:\/\/development.pano-group.com\/nl\/#website\",\"url\":\"https:\/\/development.pano-group.com\/nl\/\",\"name\":\"Entreprendre avec PANO\",\"description\":\"\",\"potentialAction\":[{\"@type\":\"SearchAction\",\"target\":{\"@type\":\"EntryPoint\",\"urlTemplate\":\"https:\/\/development.pano-group.com\/nl\/?s={search_term_string}\"},\"query-input\":{\"@type\":\"PropertyValueSpecification\",\"valueRequired\":true,\"valueName\":\"search_term_string\"}}],\"inLanguage\":\"nl-NL\"}]}<\/script>\n<!-- \/ Yoast SEO Premium plugin. -->","yoast_head_json":{"title":"Wat is een PANO agentschap?","description":"Ontdek de wereld van een PANO agentschap, een bedrijf gespecialiseerd in bewegwijzering en branding. Word PANO dealer!","robots":{"index":"index","follow":"follow","max-snippet":"max-snippet:-1","max-image-preview":"max-image-preview:large","max-video-preview":"max-video-preview:-1"},"canonical":"https:\/\/development.pano-group.com\/nl\/het-pano-agentschap\/","og_locale":"nl_NL","og_type":"article","og_title":"Het PANO agentschap","og_description":"Ontdek de wereld van een PANO agentschap, een bedrijf gespecialiseerd in bewegwijzering en branding. Word PANO dealer!","og_url":"https:\/\/development.pano-group.com\/nl\/het-pano-agentschap\/","og_site_name":"Entreprendre avec PANO","og_image":[{"width":1600,"height":500,"url":"https:\/\/development.pano-group.com\/wp-content\/uploads\/sites\/202\/2026\/01\/Lagence-PANO-Interieur.png","type":"image\/png"}],"twitter_card":"summary_large_image","schema":{"@context":"https:\/\/schema.org","@graph":[{"@type":"WebPage","@id":"https:\/\/development.pano-group.com\/nl\/het-pano-agentschap\/","url":"https:\/\/development.pano-group.com\/nl\/het-pano-agentschap\/","name":"Wat is een PANO agentschap?","isPartOf":{"@id":"https:\/\/development.pano-group.com\/nl\/#website"},"primaryImageOfPage":{"@id":"https:\/\/development.pano-group.com\/nl\/het-pano-agentschap\/#primaryimage"},"image":{"@id":"https:\/\/development.pano-group.com\/nl\/het-pano-agentschap\/#primaryimage"},"thumbnailUrl":"https:\/\/development.pano-group.com\/wp-content\/uploads\/sites\/202\/2026\/01\/Lagence-PANO-Interieur.png","datePublished":"2025-11-14T16:10:52+00:00","description":"Ontdek de wereld van een PANO agentschap, een bedrijf gespecialiseerd in bewegwijzering en branding. Word PANO dealer!","breadcrumb":{"@id":"https:\/\/development.pano-group.com\/nl\/het-pano-agentschap\/#breadcrumb"},"inLanguage":"nl-NL","potentialAction":[{"@type":"ReadAction","target":["https:\/\/development.pano-group.com\/nl\/het-pano-agentschap\/"]}]},{"@type":"ImageObject","inLanguage":"nl-NL","@id":"https:\/\/development.pano-group.com\/nl\/het-pano-agentschap\/#primaryimage","url":"https:\/\/development.pano-group.com\/wp-content\/uploads\/sites\/202\/2026\/01\/Lagence-PANO-Interieur.png","contentUrl":"https:\/\/development.pano-group.com\/wp-content\/uploads\/sites\/202\/2026\/01\/Lagence-PANO-Interieur.png","width":1600,"height":500,"caption":"Int\u00e9rieur d'une agence PANO avec adh\u00e9sifs, traceur num\u00e9rique, plotter de d\u00e9coupe"},{"@type":"BreadcrumbList","@id":"https:\/\/development.pano-group.com\/nl\/het-pano-agentschap\/#breadcrumb","itemListElement":[{"@type":"ListItem","position":1,"name":"Accueil","item":"https:\/\/development.pano-group.com\/nl\/word-een-speler-in-visuele-communicatie-met-pano\/"},{"@type":"ListItem","position":2,"name":"Het PANO agentschap"}]},{"@type":"WebSite","@id":"https:\/\/development.pano-group.com\/nl\/#website","url":"https:\/\/development.pano-group.com\/nl\/","name":"Entreprendre avec PANO","description":"","potentialAction":[{"@type":"SearchAction","target":{"@type":"EntryPoint","urlTemplate":"https:\/\/development.pano-group.com\/nl\/?s={search_term_string}"},"query-input":{"@type":"PropertyValueSpecification","valueRequired":true,"valueName":"search_term_string"}}],"inLanguage":"nl-NL"}]}},"_links":{"self":[{"href":"https:\/\/development.pano-group.com\/nl\/wp-json\/wp\/v2\/pages\/4506","targetHints":{"allow":["GET"]}}],"collection":[{"href":"https:\/\/development.pano-group.com\/nl\/wp-json\/wp\/v2\/pages"}],"about":[{"href":"https:\/\/development.pano-group.com\/nl\/wp-json\/wp\/v2\/types\/page"}],"author":[{"embeddable":true,"href":"https:\/\/development.pano-group.com\/nl\/wp-json\/wp\/v2\/users\/13"}],"replies":[{"embeddable":true,"href":"https:\/\/development.pano-group.com\/nl\/wp-json\/wp\/v2\/comments?post=4506"}],"version-history":[{"count":0,"href":"https:\/\/development.pano-group.com\/nl\/wp-json\/wp\/v2\/pages\/4506\/revisions"}],"wp:featuredmedia":[{"embeddable":true,"href":"https:\/\/development.pano-group.com\/nl\/wp-json\/wp\/v2\/media\/4517"}],"wp:attachment":[{"href":"https:\/\/development.pano-group.com\/nl\/wp-json\/wp\/v2\/media?parent=4506"}],"curies":[{"name":"wp","href":"https:\/\/api.w.org\/{rel}","templated":true}]}}