{"id":4522,"date":"2025-11-14T17:10:52","date_gmt":"2025-11-14T16:10:52","guid":{"rendered":"https:\/\/development.pano-group.com\/lagenzia-pano\/"},"modified":"2026-02-09T14:47:40","modified_gmt":"2026-02-09T13:47:40","slug":"lagenzia-pano","status":"publish","type":"page","link":"https:\/\/development.pano-group.com\/it\/lagenzia-pano\/","title":{"rendered":"L&#8217;agenzia PANO"},"content":{"rendered":"","protected":false},"excerpt":{"rendered":"","protected":false},"author":13,"featured_media":4538,"parent":0,"menu_order":0,"comment_status":"closed","ping_status":"closed","template":"","meta":{"_acf_changed":false,"footnotes":""},"class_list":["post-4522","page","type-page","status-publish","has-post-thumbnail","hentry"],"acf":[],"yoast_head":"<!-- This site is optimized with the Yoast SEO Premium plugin v25.8 (Yoast SEO v25.8) - https:\/\/yoast.com\/wordpress\/plugins\/seo\/ -->\n<title>Che cos&#039;\u00e8 un&#039;agenzia PANO?<\/title>\n<meta name=\"description\" content=\"Scopri il mondo di un&#039;agenzia PANO, un&#039;azienda specializzata in segnaletica e branding. Diventa un rivenditore PANO!\" \/>\n<meta name=\"robots\" content=\"index, follow, max-snippet:-1, max-image-preview:large, max-video-preview:-1\" \/>\n<link rel=\"canonical\" href=\"https:\/\/development.pano-group.com\/it\/lagenzia-pano\/\" \/>\n<meta property=\"og:locale\" content=\"it_IT\" \/>\n<meta property=\"og:type\" content=\"article\" \/>\n<meta property=\"og:title\" content=\"L&#039;agenzia PANO\" \/>\n<meta property=\"og:description\" content=\"Scopri il mondo di un&#039;agenzia PANO, un&#039;azienda specializzata in segnaletica e branding. Diventa un rivenditore PANO!\" \/>\n<meta property=\"og:url\" content=\"https:\/\/development.pano-group.com\/it\/lagenzia-pano\/\" \/>\n<meta property=\"og:site_name\" content=\"Entreprendre avec PANO\" \/>\n<meta property=\"article:modified_time\" content=\"2026-02-09T13:47:40+00:00\" \/>\n<meta property=\"og:image\" content=\"https:\/\/development.pano-group.com\/wp-content\/uploads\/sites\/202\/2026\/01\/Lagence-PANO-Interieur.png\" \/>\n\t<meta property=\"og:image:width\" content=\"1600\" \/>\n\t<meta property=\"og:image:height\" content=\"500\" \/>\n\t<meta property=\"og:image:type\" content=\"image\/png\" \/>\n<meta name=\"twitter:card\" content=\"summary_large_image\" \/>\n<script type=\"application\/ld+json\" class=\"yoast-schema-graph\">{\"@context\":\"https:\/\/schema.org\",\"@graph\":[{\"@type\":\"WebPage\",\"@id\":\"https:\/\/development.pano-group.com\/it\/lagenzia-pano\/\",\"url\":\"https:\/\/development.pano-group.com\/it\/lagenzia-pano\/\",\"name\":\"Che cos'\u00e8 un'agenzia PANO?\",\"isPartOf\":{\"@id\":\"https:\/\/development.pano-group.com\/it\/#website\"},\"primaryImageOfPage\":{\"@id\":\"https:\/\/development.pano-group.com\/it\/lagenzia-pano\/#primaryimage\"},\"image\":{\"@id\":\"https:\/\/development.pano-group.com\/it\/lagenzia-pano\/#primaryimage\"},\"thumbnailUrl\":\"https:\/\/development.pano-group.com\/wp-content\/uploads\/sites\/202\/2026\/01\/Lagence-PANO-Interieur.png\",\"datePublished\":\"2025-11-14T16:10:52+00:00\",\"dateModified\":\"2026-02-09T13:47:40+00:00\",\"description\":\"Scopri il mondo di un'agenzia PANO, un'azienda specializzata in segnaletica e branding. Diventa un rivenditore PANO!\",\"breadcrumb\":{\"@id\":\"https:\/\/development.pano-group.com\/it\/lagenzia-pano\/#breadcrumb\"},\"inLanguage\":\"it-IT\",\"potentialAction\":[{\"@type\":\"ReadAction\",\"target\":[\"https:\/\/development.pano-group.com\/it\/lagenzia-pano\/\"]}]},{\"@type\":\"ImageObject\",\"inLanguage\":\"it-IT\",\"@id\":\"https:\/\/development.pano-group.com\/it\/lagenzia-pano\/#primaryimage\",\"url\":\"https:\/\/development.pano-group.com\/wp-content\/uploads\/sites\/202\/2026\/01\/Lagence-PANO-Interieur.png\",\"contentUrl\":\"https:\/\/development.pano-group.com\/wp-content\/uploads\/sites\/202\/2026\/01\/Lagence-PANO-Interieur.png\",\"width\":1600,\"height\":500,\"caption\":\"Int\u00e9rieur d'une agence PANO avec adh\u00e9sifs, traceur num\u00e9rique, plotter de d\u00e9coupe\"},{\"@type\":\"BreadcrumbList\",\"@id\":\"https:\/\/development.pano-group.com\/it\/lagenzia-pano\/#breadcrumb\",\"itemListElement\":[{\"@type\":\"ListItem\",\"position\":1,\"name\":\"Accueil\",\"item\":\"https:\/\/development.pano-group.com\/it\/diventa-protagonista-della-comunicazione-visiva-con-pano\/\"},{\"@type\":\"ListItem\",\"position\":2,\"name\":\"L&#8217;agenzia PANO\"}]},{\"@type\":\"WebSite\",\"@id\":\"https:\/\/development.pano-group.com\/it\/#website\",\"url\":\"https:\/\/development.pano-group.com\/it\/\",\"name\":\"Entreprendre avec PANO\",\"description\":\"\",\"potentialAction\":[{\"@type\":\"SearchAction\",\"target\":{\"@type\":\"EntryPoint\",\"urlTemplate\":\"https:\/\/development.pano-group.com\/it\/?s={search_term_string}\"},\"query-input\":{\"@type\":\"PropertyValueSpecification\",\"valueRequired\":true,\"valueName\":\"search_term_string\"}}],\"inLanguage\":\"it-IT\"}]}<\/script>\n<!-- \/ Yoast SEO Premium plugin. -->","yoast_head_json":{"title":"Che cos'\u00e8 un'agenzia PANO?","description":"Scopri il mondo di un'agenzia PANO, un'azienda specializzata in segnaletica e branding. Diventa un rivenditore PANO!","robots":{"index":"index","follow":"follow","max-snippet":"max-snippet:-1","max-image-preview":"max-image-preview:large","max-video-preview":"max-video-preview:-1"},"canonical":"https:\/\/development.pano-group.com\/it\/lagenzia-pano\/","og_locale":"it_IT","og_type":"article","og_title":"L'agenzia PANO","og_description":"Scopri il mondo di un'agenzia PANO, un'azienda specializzata in segnaletica e branding. Diventa un rivenditore PANO!","og_url":"https:\/\/development.pano-group.com\/it\/lagenzia-pano\/","og_site_name":"Entreprendre avec PANO","article_modified_time":"2026-02-09T13:47:40+00:00","og_image":[{"width":1600,"height":500,"url":"https:\/\/development.pano-group.com\/wp-content\/uploads\/sites\/202\/2026\/01\/Lagence-PANO-Interieur.png","type":"image\/png"}],"twitter_card":"summary_large_image","schema":{"@context":"https:\/\/schema.org","@graph":[{"@type":"WebPage","@id":"https:\/\/development.pano-group.com\/it\/lagenzia-pano\/","url":"https:\/\/development.pano-group.com\/it\/lagenzia-pano\/","name":"Che cos'\u00e8 un'agenzia PANO?","isPartOf":{"@id":"https:\/\/development.pano-group.com\/it\/#website"},"primaryImageOfPage":{"@id":"https:\/\/development.pano-group.com\/it\/lagenzia-pano\/#primaryimage"},"image":{"@id":"https:\/\/development.pano-group.com\/it\/lagenzia-pano\/#primaryimage"},"thumbnailUrl":"https:\/\/development.pano-group.com\/wp-content\/uploads\/sites\/202\/2026\/01\/Lagence-PANO-Interieur.png","datePublished":"2025-11-14T16:10:52+00:00","dateModified":"2026-02-09T13:47:40+00:00","description":"Scopri il mondo di un'agenzia PANO, un'azienda specializzata in segnaletica e branding. Diventa un rivenditore PANO!","breadcrumb":{"@id":"https:\/\/development.pano-group.com\/it\/lagenzia-pano\/#breadcrumb"},"inLanguage":"it-IT","potentialAction":[{"@type":"ReadAction","target":["https:\/\/development.pano-group.com\/it\/lagenzia-pano\/"]}]},{"@type":"ImageObject","inLanguage":"it-IT","@id":"https:\/\/development.pano-group.com\/it\/lagenzia-pano\/#primaryimage","url":"https:\/\/development.pano-group.com\/wp-content\/uploads\/sites\/202\/2026\/01\/Lagence-PANO-Interieur.png","contentUrl":"https:\/\/development.pano-group.com\/wp-content\/uploads\/sites\/202\/2026\/01\/Lagence-PANO-Interieur.png","width":1600,"height":500,"caption":"Int\u00e9rieur d'une agence PANO avec adh\u00e9sifs, traceur num\u00e9rique, plotter de d\u00e9coupe"},{"@type":"BreadcrumbList","@id":"https:\/\/development.pano-group.com\/it\/lagenzia-pano\/#breadcrumb","itemListElement":[{"@type":"ListItem","position":1,"name":"Accueil","item":"https:\/\/development.pano-group.com\/it\/diventa-protagonista-della-comunicazione-visiva-con-pano\/"},{"@type":"ListItem","position":2,"name":"L&#8217;agenzia PANO"}]},{"@type":"WebSite","@id":"https:\/\/development.pano-group.com\/it\/#website","url":"https:\/\/development.pano-group.com\/it\/","name":"Entreprendre avec PANO","description":"","potentialAction":[{"@type":"SearchAction","target":{"@type":"EntryPoint","urlTemplate":"https:\/\/development.pano-group.com\/it\/?s={search_term_string}"},"query-input":{"@type":"PropertyValueSpecification","valueRequired":true,"valueName":"search_term_string"}}],"inLanguage":"it-IT"}]}},"_links":{"self":[{"href":"https:\/\/development.pano-group.com\/it\/wp-json\/wp\/v2\/pages\/4522","targetHints":{"allow":["GET"]}}],"collection":[{"href":"https:\/\/development.pano-group.com\/it\/wp-json\/wp\/v2\/pages"}],"about":[{"href":"https:\/\/development.pano-group.com\/it\/wp-json\/wp\/v2\/types\/page"}],"author":[{"embeddable":true,"href":"https:\/\/development.pano-group.com\/it\/wp-json\/wp\/v2\/users\/13"}],"replies":[{"embeddable":true,"href":"https:\/\/development.pano-group.com\/it\/wp-json\/wp\/v2\/comments?post=4522"}],"version-history":[{"count":1,"href":"https:\/\/development.pano-group.com\/it\/wp-json\/wp\/v2\/pages\/4522\/revisions"}],"predecessor-version":[{"id":4550,"href":"https:\/\/development.pano-group.com\/it\/wp-json\/wp\/v2\/pages\/4522\/revisions\/4550"}],"wp:featuredmedia":[{"embeddable":true,"href":"https:\/\/development.pano-group.com\/it\/wp-json\/wp\/v2\/media\/4538"}],"wp:attachment":[{"href":"https:\/\/development.pano-group.com\/it\/wp-json\/wp\/v2\/media?parent=4522"}],"curies":[{"name":"wp","href":"https:\/\/api.w.org\/{rel}","templated":true}]}}