{"id":4698,"date":"2025-11-14T11:29:42","date_gmt":"2025-11-14T10:29:42","guid":{"rendered":"https:\/\/development.pano-group.com\/cambiar-a-pano\/"},"modified":"2026-02-10T10:25:54","modified_gmt":"2026-02-10T09:25:54","slug":"cambiar-a-pano","status":"publish","type":"page","link":"https:\/\/development.pano-group.com\/es\/cambiar-a-pano\/","title":{"rendered":"Cambiar a PANO"},"content":{"rendered":"","protected":false},"excerpt":{"rendered":"","protected":false},"author":13,"featured_media":4703,"parent":0,"menu_order":0,"comment_status":"closed","ping_status":"closed","template":"","meta":{"_acf_changed":false,"footnotes":""},"class_list":["post-4698","page","type-page","status-publish","has-post-thumbnail","hentry"],"acf":[],"yoast_head":"<!-- This site is optimized with the Yoast SEO Premium plugin v25.8 (Yoast SEO v25.8) - https:\/\/yoast.com\/wordpress\/plugins\/seo\/ -->\n<title>Pasar a PANO gracias a una transici\u00f3n de marca en 5 a\u00f1os<\/title>\n<meta name=\"description\" content=\"P\u00e1sate a PANO y desarrolla tu negocio. Benef\u00edciate de una marca reconocida y de un apoyo a medida.\" \/>\n<meta name=\"robots\" content=\"index, follow, max-snippet:-1, max-image-preview:large, max-video-preview:-1\" \/>\n<link rel=\"canonical\" href=\"https:\/\/development.pano-group.com\/es\/cambiar-a-pano\/\" \/>\n<meta property=\"og:locale\" content=\"es_ES\" \/>\n<meta property=\"og:type\" content=\"article\" \/>\n<meta property=\"og:title\" content=\"Cambiar a PANO\" \/>\n<meta property=\"og:description\" content=\"P\u00e1sate a PANO y desarrolla tu negocio. Benef\u00edciate de una marca reconocida y de un apoyo a medida.\" \/>\n<meta property=\"og:url\" content=\"https:\/\/development.pano-group.com\/es\/cambiar-a-pano\/\" \/>\n<meta property=\"og:site_name\" content=\"Entreprendre avec PANO\" \/>\n<meta property=\"article:modified_time\" content=\"2026-02-10T09:25:54+00:00\" \/>\n<meta property=\"og:image\" content=\"https:\/\/development.pano-group.com\/wp-content\/uploads\/sites\/202\/2025\/11\/PANO-MEDOC-768x1024.jpg\" \/>\n\t<meta property=\"og:image:width\" content=\"768\" \/>\n\t<meta property=\"og:image:height\" content=\"1024\" \/>\n\t<meta property=\"og:image:type\" content=\"image\/jpeg\" \/>\n<meta name=\"twitter:card\" content=\"summary_large_image\" \/>\n<script type=\"application\/ld+json\" class=\"yoast-schema-graph\">{\"@context\":\"https:\/\/schema.org\",\"@graph\":[{\"@type\":\"WebPage\",\"@id\":\"https:\/\/development.pano-group.com\/es\/cambiar-a-pano\/\",\"url\":\"https:\/\/development.pano-group.com\/es\/cambiar-a-pano\/\",\"name\":\"Pasar a PANO gracias a una transici\u00f3n de marca en 5 a\u00f1os\",\"isPartOf\":{\"@id\":\"https:\/\/development.pano-group.com\/es\/#website\"},\"primaryImageOfPage\":{\"@id\":\"https:\/\/development.pano-group.com\/es\/cambiar-a-pano\/#primaryimage\"},\"image\":{\"@id\":\"https:\/\/development.pano-group.com\/es\/cambiar-a-pano\/#primaryimage\"},\"thumbnailUrl\":\"https:\/\/development.pano-group.com\/wp-content\/uploads\/sites\/202\/2025\/11\/PANO-MEDOC.jpg\",\"datePublished\":\"2025-11-14T10:29:42+00:00\",\"dateModified\":\"2026-02-10T09:25:54+00:00\",\"description\":\"P\u00e1sate a PANO y desarrolla tu negocio. Benef\u00edciate de una marca reconocida y de un apoyo a medida.\",\"breadcrumb\":{\"@id\":\"https:\/\/development.pano-group.com\/es\/cambiar-a-pano\/#breadcrumb\"},\"inLanguage\":\"es\",\"potentialAction\":[{\"@type\":\"ReadAction\",\"target\":[\"https:\/\/development.pano-group.com\/es\/cambiar-a-pano\/\"]}]},{\"@type\":\"ImageObject\",\"inLanguage\":\"es\",\"@id\":\"https:\/\/development.pano-group.com\/es\/cambiar-a-pano\/#primaryimage\",\"url\":\"https:\/\/development.pano-group.com\/wp-content\/uploads\/sites\/202\/2025\/11\/PANO-MEDOC.jpg\",\"contentUrl\":\"https:\/\/development.pano-group.com\/wp-content\/uploads\/sites\/202\/2025\/11\/PANO-MEDOC.jpg\",\"width\":1275,\"height\":1700},{\"@type\":\"BreadcrumbList\",\"@id\":\"https:\/\/development.pano-group.com\/es\/cambiar-a-pano\/#breadcrumb\",\"itemListElement\":[{\"@type\":\"ListItem\",\"position\":1,\"name\":\"Accueil\",\"item\":\"https:\/\/development.pano-group.com\/es\/conviertete-en-un-actor-de-la-comunicacion-visual-con-pano\/\"},{\"@type\":\"ListItem\",\"position\":2,\"name\":\"Cambiar a PANO\"}]},{\"@type\":\"WebSite\",\"@id\":\"https:\/\/development.pano-group.com\/es\/#website\",\"url\":\"https:\/\/development.pano-group.com\/es\/\",\"name\":\"Entreprendre avec PANO\",\"description\":\"\",\"potentialAction\":[{\"@type\":\"SearchAction\",\"target\":{\"@type\":\"EntryPoint\",\"urlTemplate\":\"https:\/\/development.pano-group.com\/es\/?s={search_term_string}\"},\"query-input\":{\"@type\":\"PropertyValueSpecification\",\"valueRequired\":true,\"valueName\":\"search_term_string\"}}],\"inLanguage\":\"es\"}]}<\/script>\n<!-- \/ Yoast SEO Premium plugin. -->","yoast_head_json":{"title":"Pasar a PANO gracias a una transici\u00f3n de marca en 5 a\u00f1os","description":"P\u00e1sate a PANO y desarrolla tu negocio. Benef\u00edciate de una marca reconocida y de un apoyo a medida.","robots":{"index":"index","follow":"follow","max-snippet":"max-snippet:-1","max-image-preview":"max-image-preview:large","max-video-preview":"max-video-preview:-1"},"canonical":"https:\/\/development.pano-group.com\/es\/cambiar-a-pano\/","og_locale":"es_ES","og_type":"article","og_title":"Cambiar a PANO","og_description":"P\u00e1sate a PANO y desarrolla tu negocio. Benef\u00edciate de una marca reconocida y de un apoyo a medida.","og_url":"https:\/\/development.pano-group.com\/es\/cambiar-a-pano\/","og_site_name":"Entreprendre avec PANO","article_modified_time":"2026-02-10T09:25:54+00:00","og_image":[{"width":768,"height":1024,"url":"https:\/\/development.pano-group.com\/wp-content\/uploads\/sites\/202\/2025\/11\/PANO-MEDOC-768x1024.jpg","type":"image\/jpeg"}],"twitter_card":"summary_large_image","schema":{"@context":"https:\/\/schema.org","@graph":[{"@type":"WebPage","@id":"https:\/\/development.pano-group.com\/es\/cambiar-a-pano\/","url":"https:\/\/development.pano-group.com\/es\/cambiar-a-pano\/","name":"Pasar a PANO gracias a una transici\u00f3n de marca en 5 a\u00f1os","isPartOf":{"@id":"https:\/\/development.pano-group.com\/es\/#website"},"primaryImageOfPage":{"@id":"https:\/\/development.pano-group.com\/es\/cambiar-a-pano\/#primaryimage"},"image":{"@id":"https:\/\/development.pano-group.com\/es\/cambiar-a-pano\/#primaryimage"},"thumbnailUrl":"https:\/\/development.pano-group.com\/wp-content\/uploads\/sites\/202\/2025\/11\/PANO-MEDOC.jpg","datePublished":"2025-11-14T10:29:42+00:00","dateModified":"2026-02-10T09:25:54+00:00","description":"P\u00e1sate a PANO y desarrolla tu negocio. Benef\u00edciate de una marca reconocida y de un apoyo a medida.","breadcrumb":{"@id":"https:\/\/development.pano-group.com\/es\/cambiar-a-pano\/#breadcrumb"},"inLanguage":"es","potentialAction":[{"@type":"ReadAction","target":["https:\/\/development.pano-group.com\/es\/cambiar-a-pano\/"]}]},{"@type":"ImageObject","inLanguage":"es","@id":"https:\/\/development.pano-group.com\/es\/cambiar-a-pano\/#primaryimage","url":"https:\/\/development.pano-group.com\/wp-content\/uploads\/sites\/202\/2025\/11\/PANO-MEDOC.jpg","contentUrl":"https:\/\/development.pano-group.com\/wp-content\/uploads\/sites\/202\/2025\/11\/PANO-MEDOC.jpg","width":1275,"height":1700},{"@type":"BreadcrumbList","@id":"https:\/\/development.pano-group.com\/es\/cambiar-a-pano\/#breadcrumb","itemListElement":[{"@type":"ListItem","position":1,"name":"Accueil","item":"https:\/\/development.pano-group.com\/es\/conviertete-en-un-actor-de-la-comunicacion-visual-con-pano\/"},{"@type":"ListItem","position":2,"name":"Cambiar a PANO"}]},{"@type":"WebSite","@id":"https:\/\/development.pano-group.com\/es\/#website","url":"https:\/\/development.pano-group.com\/es\/","name":"Entreprendre avec PANO","description":"","potentialAction":[{"@type":"SearchAction","target":{"@type":"EntryPoint","urlTemplate":"https:\/\/development.pano-group.com\/es\/?s={search_term_string}"},"query-input":{"@type":"PropertyValueSpecification","valueRequired":true,"valueName":"search_term_string"}}],"inLanguage":"es"}]}},"_links":{"self":[{"href":"https:\/\/development.pano-group.com\/es\/wp-json\/wp\/v2\/pages\/4698","targetHints":{"allow":["GET"]}}],"collection":[{"href":"https:\/\/development.pano-group.com\/es\/wp-json\/wp\/v2\/pages"}],"about":[{"href":"https:\/\/development.pano-group.com\/es\/wp-json\/wp\/v2\/types\/page"}],"author":[{"embeddable":true,"href":"https:\/\/development.pano-group.com\/es\/wp-json\/wp\/v2\/users\/13"}],"replies":[{"embeddable":true,"href":"https:\/\/development.pano-group.com\/es\/wp-json\/wp\/v2\/comments?post=4698"}],"version-history":[{"count":1,"href":"https:\/\/development.pano-group.com\/es\/wp-json\/wp\/v2\/pages\/4698\/revisions"}],"predecessor-version":[{"id":4717,"href":"https:\/\/development.pano-group.com\/es\/wp-json\/wp\/v2\/pages\/4698\/revisions\/4717"}],"wp:featuredmedia":[{"embeddable":true,"href":"https:\/\/development.pano-group.com\/es\/wp-json\/wp\/v2\/media\/4703"}],"wp:attachment":[{"href":"https:\/\/development.pano-group.com\/es\/wp-json\/wp\/v2\/media?parent=4698"}],"curies":[{"name":"wp","href":"https:\/\/api.w.org\/{rel}","templated":true}]}}