{"id":4539,"date":"2025-11-14T17:10:52","date_gmt":"2025-11-14T16:10:52","guid":{"rendered":"https:\/\/development.pano-group.com\/la-agencia-pano\/"},"modified":"2026-02-09T14:47:44","modified_gmt":"2026-02-09T13:47:44","slug":"la-agencia-pano","status":"publish","type":"page","link":"https:\/\/development.pano-group.com\/es\/la-agencia-pano\/","title":{"rendered":"La agencia PANO"},"content":{"rendered":"","protected":false},"excerpt":{"rendered":"","protected":false},"author":13,"featured_media":4549,"parent":0,"menu_order":0,"comment_status":"closed","ping_status":"closed","template":"","meta":{"_acf_changed":false,"footnotes":""},"class_list":["post-4539","page","type-page","status-publish","has-post-thumbnail","hentry"],"acf":[],"yoast_head":"<!-- This site is optimized with the Yoast SEO Premium plugin v25.8 (Yoast SEO v25.8) - https:\/\/yoast.com\/wordpress\/plugins\/seo\/ -->\n<title>\u00bfQu\u00e9 es una agencia PANO?<\/title>\n<meta name=\"description\" content=\"Descubre el mundo de una agencia PANO, una empresa especializada en se\u00f1alizaci\u00f3n y marca. \u00a1Convi\u00e9rtete en distribuidor PANO!\" \/>\n<meta name=\"robots\" content=\"index, follow, max-snippet:-1, max-image-preview:large, max-video-preview:-1\" \/>\n<link rel=\"canonical\" href=\"https:\/\/development.pano-group.com\/es\/la-agencia-pano\/\" \/>\n<meta property=\"og:locale\" content=\"es_ES\" \/>\n<meta property=\"og:type\" content=\"article\" \/>\n<meta property=\"og:title\" content=\"La agencia PANO\" \/>\n<meta property=\"og:description\" content=\"Descubre el mundo de una agencia PANO, una empresa especializada en se\u00f1alizaci\u00f3n y marca. \u00a1Convi\u00e9rtete en distribuidor PANO!\" \/>\n<meta property=\"og:url\" content=\"https:\/\/development.pano-group.com\/es\/la-agencia-pano\/\" \/>\n<meta property=\"og:site_name\" content=\"Entreprendre avec PANO\" \/>\n<meta property=\"article:modified_time\" content=\"2026-02-09T13:47:44+00:00\" \/>\n<meta property=\"og:image\" content=\"https:\/\/development.pano-group.com\/wp-content\/uploads\/sites\/202\/2026\/01\/Lagence-PANO-Interieur.png\" \/>\n\t<meta property=\"og:image:width\" content=\"1600\" \/>\n\t<meta property=\"og:image:height\" content=\"500\" \/>\n\t<meta property=\"og:image:type\" content=\"image\/png\" \/>\n<meta name=\"twitter:card\" content=\"summary_large_image\" \/>\n<script type=\"application\/ld+json\" class=\"yoast-schema-graph\">{\"@context\":\"https:\/\/schema.org\",\"@graph\":[{\"@type\":\"WebPage\",\"@id\":\"https:\/\/development.pano-group.com\/es\/la-agencia-pano\/\",\"url\":\"https:\/\/development.pano-group.com\/es\/la-agencia-pano\/\",\"name\":\"\u00bfQu\u00e9 es una agencia PANO?\",\"isPartOf\":{\"@id\":\"https:\/\/development.pano-group.com\/es\/#website\"},\"primaryImageOfPage\":{\"@id\":\"https:\/\/development.pano-group.com\/es\/la-agencia-pano\/#primaryimage\"},\"image\":{\"@id\":\"https:\/\/development.pano-group.com\/es\/la-agencia-pano\/#primaryimage\"},\"thumbnailUrl\":\"https:\/\/development.pano-group.com\/wp-content\/uploads\/sites\/202\/2026\/01\/Lagence-PANO-Interieur.png\",\"datePublished\":\"2025-11-14T16:10:52+00:00\",\"dateModified\":\"2026-02-09T13:47:44+00:00\",\"description\":\"Descubre el mundo de una agencia PANO, una empresa especializada en se\u00f1alizaci\u00f3n y marca. \u00a1Convi\u00e9rtete en distribuidor PANO!\",\"breadcrumb\":{\"@id\":\"https:\/\/development.pano-group.com\/es\/la-agencia-pano\/#breadcrumb\"},\"inLanguage\":\"es\",\"potentialAction\":[{\"@type\":\"ReadAction\",\"target\":[\"https:\/\/development.pano-group.com\/es\/la-agencia-pano\/\"]}]},{\"@type\":\"ImageObject\",\"inLanguage\":\"es\",\"@id\":\"https:\/\/development.pano-group.com\/es\/la-agencia-pano\/#primaryimage\",\"url\":\"https:\/\/development.pano-group.com\/wp-content\/uploads\/sites\/202\/2026\/01\/Lagence-PANO-Interieur.png\",\"contentUrl\":\"https:\/\/development.pano-group.com\/wp-content\/uploads\/sites\/202\/2026\/01\/Lagence-PANO-Interieur.png\",\"width\":1600,\"height\":500,\"caption\":\"Int\u00e9rieur d'une agence PANO avec adh\u00e9sifs, traceur num\u00e9rique, plotter de d\u00e9coupe\"},{\"@type\":\"BreadcrumbList\",\"@id\":\"https:\/\/development.pano-group.com\/es\/la-agencia-pano\/#breadcrumb\",\"itemListElement\":[{\"@type\":\"ListItem\",\"position\":1,\"name\":\"Accueil\",\"item\":\"https:\/\/development.pano-group.com\/es\/conviertete-en-un-actor-de-la-comunicacion-visual-con-pano\/\"},{\"@type\":\"ListItem\",\"position\":2,\"name\":\"La agencia PANO\"}]},{\"@type\":\"WebSite\",\"@id\":\"https:\/\/development.pano-group.com\/es\/#website\",\"url\":\"https:\/\/development.pano-group.com\/es\/\",\"name\":\"Entreprendre avec PANO\",\"description\":\"\",\"potentialAction\":[{\"@type\":\"SearchAction\",\"target\":{\"@type\":\"EntryPoint\",\"urlTemplate\":\"https:\/\/development.pano-group.com\/es\/?s={search_term_string}\"},\"query-input\":{\"@type\":\"PropertyValueSpecification\",\"valueRequired\":true,\"valueName\":\"search_term_string\"}}],\"inLanguage\":\"es\"}]}<\/script>\n<!-- \/ Yoast SEO Premium plugin. -->","yoast_head_json":{"title":"\u00bfQu\u00e9 es una agencia PANO?","description":"Descubre el mundo de una agencia PANO, una empresa especializada en se\u00f1alizaci\u00f3n y marca. \u00a1Convi\u00e9rtete en distribuidor PANO!","robots":{"index":"index","follow":"follow","max-snippet":"max-snippet:-1","max-image-preview":"max-image-preview:large","max-video-preview":"max-video-preview:-1"},"canonical":"https:\/\/development.pano-group.com\/es\/la-agencia-pano\/","og_locale":"es_ES","og_type":"article","og_title":"La agencia PANO","og_description":"Descubre el mundo de una agencia PANO, una empresa especializada en se\u00f1alizaci\u00f3n y marca. \u00a1Convi\u00e9rtete en distribuidor PANO!","og_url":"https:\/\/development.pano-group.com\/es\/la-agencia-pano\/","og_site_name":"Entreprendre avec PANO","article_modified_time":"2026-02-09T13:47:44+00:00","og_image":[{"width":1600,"height":500,"url":"https:\/\/development.pano-group.com\/wp-content\/uploads\/sites\/202\/2026\/01\/Lagence-PANO-Interieur.png","type":"image\/png"}],"twitter_card":"summary_large_image","schema":{"@context":"https:\/\/schema.org","@graph":[{"@type":"WebPage","@id":"https:\/\/development.pano-group.com\/es\/la-agencia-pano\/","url":"https:\/\/development.pano-group.com\/es\/la-agencia-pano\/","name":"\u00bfQu\u00e9 es una agencia PANO?","isPartOf":{"@id":"https:\/\/development.pano-group.com\/es\/#website"},"primaryImageOfPage":{"@id":"https:\/\/development.pano-group.com\/es\/la-agencia-pano\/#primaryimage"},"image":{"@id":"https:\/\/development.pano-group.com\/es\/la-agencia-pano\/#primaryimage"},"thumbnailUrl":"https:\/\/development.pano-group.com\/wp-content\/uploads\/sites\/202\/2026\/01\/Lagence-PANO-Interieur.png","datePublished":"2025-11-14T16:10:52+00:00","dateModified":"2026-02-09T13:47:44+00:00","description":"Descubre el mundo de una agencia PANO, una empresa especializada en se\u00f1alizaci\u00f3n y marca. \u00a1Convi\u00e9rtete en distribuidor PANO!","breadcrumb":{"@id":"https:\/\/development.pano-group.com\/es\/la-agencia-pano\/#breadcrumb"},"inLanguage":"es","potentialAction":[{"@type":"ReadAction","target":["https:\/\/development.pano-group.com\/es\/la-agencia-pano\/"]}]},{"@type":"ImageObject","inLanguage":"es","@id":"https:\/\/development.pano-group.com\/es\/la-agencia-pano\/#primaryimage","url":"https:\/\/development.pano-group.com\/wp-content\/uploads\/sites\/202\/2026\/01\/Lagence-PANO-Interieur.png","contentUrl":"https:\/\/development.pano-group.com\/wp-content\/uploads\/sites\/202\/2026\/01\/Lagence-PANO-Interieur.png","width":1600,"height":500,"caption":"Int\u00e9rieur d'une agence PANO avec adh\u00e9sifs, traceur num\u00e9rique, plotter de d\u00e9coupe"},{"@type":"BreadcrumbList","@id":"https:\/\/development.pano-group.com\/es\/la-agencia-pano\/#breadcrumb","itemListElement":[{"@type":"ListItem","position":1,"name":"Accueil","item":"https:\/\/development.pano-group.com\/es\/conviertete-en-un-actor-de-la-comunicacion-visual-con-pano\/"},{"@type":"ListItem","position":2,"name":"La agencia PANO"}]},{"@type":"WebSite","@id":"https:\/\/development.pano-group.com\/es\/#website","url":"https:\/\/development.pano-group.com\/es\/","name":"Entreprendre avec PANO","description":"","potentialAction":[{"@type":"SearchAction","target":{"@type":"EntryPoint","urlTemplate":"https:\/\/development.pano-group.com\/es\/?s={search_term_string}"},"query-input":{"@type":"PropertyValueSpecification","valueRequired":true,"valueName":"search_term_string"}}],"inLanguage":"es"}]}},"_links":{"self":[{"href":"https:\/\/development.pano-group.com\/es\/wp-json\/wp\/v2\/pages\/4539","targetHints":{"allow":["GET"]}}],"collection":[{"href":"https:\/\/development.pano-group.com\/es\/wp-json\/wp\/v2\/pages"}],"about":[{"href":"https:\/\/development.pano-group.com\/es\/wp-json\/wp\/v2\/types\/page"}],"author":[{"embeddable":true,"href":"https:\/\/development.pano-group.com\/es\/wp-json\/wp\/v2\/users\/13"}],"replies":[{"embeddable":true,"href":"https:\/\/development.pano-group.com\/es\/wp-json\/wp\/v2\/comments?post=4539"}],"version-history":[{"count":1,"href":"https:\/\/development.pano-group.com\/es\/wp-json\/wp\/v2\/pages\/4539\/revisions"}],"predecessor-version":[{"id":4553,"href":"https:\/\/development.pano-group.com\/es\/wp-json\/wp\/v2\/pages\/4539\/revisions\/4553"}],"wp:featuredmedia":[{"embeddable":true,"href":"https:\/\/development.pano-group.com\/es\/wp-json\/wp\/v2\/media\/4549"}],"wp:attachment":[{"href":"https:\/\/development.pano-group.com\/es\/wp-json\/wp\/v2\/media?parent=4539"}],"curies":[{"name":"wp","href":"https:\/\/api.w.org\/{rel}","templated":true}]}}