{"id":3401,"date":"2025-11-17T10:41:50","date_gmt":"2025-11-17T09:41:50","guid":{"rendered":"https:\/\/development.pano-group.com\/the-pano-network\/"},"modified":"2026-02-06T14:25:48","modified_gmt":"2026-02-06T13:25:48","slug":"the-pano-network","status":"publish","type":"page","link":"https:\/\/development.pano-group.com\/en\/the-pano-network\/","title":{"rendered":"The PANO network"},"content":{"rendered":"","protected":false},"excerpt":{"rendered":"","protected":false},"author":13,"featured_media":3249,"parent":0,"menu_order":0,"comment_status":"closed","ping_status":"closed","template":"","meta":{"_acf_changed":false,"footnotes":""},"class_list":["post-3401","page","type-page","status-publish","has-post-thumbnail","hentry"],"acf":[],"yoast_head":"<!-- This site is optimized with the Yoast SEO Premium plugin v25.8 (Yoast SEO v25.8) - https:\/\/yoast.com\/wordpress\/plugins\/seo\/ -->\n<title>The PANO network<\/title>\n<meta name=\"description\" content=\"Discover the PANO network, its history and its development over the years to become the European leader.\" \/>\n<meta name=\"robots\" content=\"index, follow, max-snippet:-1, max-image-preview:large, max-video-preview:-1\" \/>\n<link rel=\"canonical\" href=\"https:\/\/development.pano-group.com\/en\/the-pano-network\/\" \/>\n<meta property=\"og:locale\" content=\"en_US\" \/>\n<meta property=\"og:type\" content=\"article\" \/>\n<meta property=\"og:title\" content=\"The PANO network\" \/>\n<meta property=\"og:description\" content=\"Discover the PANO network, its history and its development over the years to become the European leader.\" \/>\n<meta property=\"og:url\" content=\"https:\/\/development.pano-group.com\/en\/the-pano-network\/\" \/>\n<meta property=\"og:site_name\" content=\"Entreprendre avec PANO\" \/>\n<meta property=\"article:modified_time\" content=\"2026-02-06T13:25:48+00:00\" \/>\n<meta property=\"og:image\" content=\"https:\/\/development.pano-group.com\/wp-content\/uploads\/sites\/202\/2026\/01\/le-reseau-PANO-assemblee-pleniere-1024x682.png\" \/>\n\t<meta property=\"og:image:width\" content=\"1024\" \/>\n\t<meta property=\"og:image:height\" content=\"682\" \/>\n\t<meta property=\"og:image:type\" content=\"image\/png\" \/>\n<meta name=\"twitter:card\" content=\"summary_large_image\" \/>\n<script type=\"application\/ld+json\" class=\"yoast-schema-graph\">{\"@context\":\"https:\/\/schema.org\",\"@graph\":[{\"@type\":\"WebPage\",\"@id\":\"https:\/\/development.pano-group.com\/en\/the-pano-network\/\",\"url\":\"https:\/\/development.pano-group.com\/en\/the-pano-network\/\",\"name\":\"The PANO network\",\"isPartOf\":{\"@id\":\"https:\/\/development.pano-group.com\/en\/#website\"},\"primaryImageOfPage\":{\"@id\":\"https:\/\/development.pano-group.com\/en\/the-pano-network\/#primaryimage\"},\"image\":{\"@id\":\"https:\/\/development.pano-group.com\/en\/the-pano-network\/#primaryimage\"},\"thumbnailUrl\":\"https:\/\/development.pano-group.com\/wp-content\/uploads\/sites\/202\/2026\/01\/le-reseau-PANO-assemblee-pleniere.png\",\"datePublished\":\"2025-11-17T09:41:50+00:00\",\"dateModified\":\"2026-02-06T13:25:48+00:00\",\"description\":\"Discover the PANO network, its history and its development over the years to become the European leader.\",\"breadcrumb\":{\"@id\":\"https:\/\/development.pano-group.com\/en\/the-pano-network\/#breadcrumb\"},\"inLanguage\":\"en-US\",\"potentialAction\":[{\"@type\":\"ReadAction\",\"target\":[\"https:\/\/development.pano-group.com\/en\/the-pano-network\/\"]}]},{\"@type\":\"ImageObject\",\"inLanguage\":\"en-US\",\"@id\":\"https:\/\/development.pano-group.com\/en\/the-pano-network\/#primaryimage\",\"url\":\"https:\/\/development.pano-group.com\/wp-content\/uploads\/sites\/202\/2026\/01\/le-reseau-PANO-assemblee-pleniere.png\",\"contentUrl\":\"https:\/\/development.pano-group.com\/wp-content\/uploads\/sites\/202\/2026\/01\/le-reseau-PANO-assemblee-pleniere.png\",\"width\":1700,\"height\":1133,\"caption\":\"le r\u00e9seau PANO concessionnaire pendant l'assembl\u00e9e pl\u00e9ni\u00e8re\"},{\"@type\":\"BreadcrumbList\",\"@id\":\"https:\/\/development.pano-group.com\/en\/the-pano-network\/#breadcrumb\",\"itemListElement\":[{\"@type\":\"ListItem\",\"position\":1,\"name\":\"Accueil\",\"item\":\"https:\/\/development.pano-group.com\/en\/become-a-player-in-visual-communication-with-pano\/\"},{\"@type\":\"ListItem\",\"position\":2,\"name\":\"The PANO network\"}]},{\"@type\":\"WebSite\",\"@id\":\"https:\/\/development.pano-group.com\/en\/#website\",\"url\":\"https:\/\/development.pano-group.com\/en\/\",\"name\":\"Entreprendre avec PANO\",\"description\":\"\",\"potentialAction\":[{\"@type\":\"SearchAction\",\"target\":{\"@type\":\"EntryPoint\",\"urlTemplate\":\"https:\/\/development.pano-group.com\/en\/?s={search_term_string}\"},\"query-input\":{\"@type\":\"PropertyValueSpecification\",\"valueRequired\":true,\"valueName\":\"search_term_string\"}}],\"inLanguage\":\"en-US\"}]}<\/script>\n<!-- \/ Yoast SEO Premium plugin. -->","yoast_head_json":{"title":"The PANO network","description":"Discover the PANO network, its history and its development over the years to become the European leader.","robots":{"index":"index","follow":"follow","max-snippet":"max-snippet:-1","max-image-preview":"max-image-preview:large","max-video-preview":"max-video-preview:-1"},"canonical":"https:\/\/development.pano-group.com\/en\/the-pano-network\/","og_locale":"en_US","og_type":"article","og_title":"The PANO network","og_description":"Discover the PANO network, its history and its development over the years to become the European leader.","og_url":"https:\/\/development.pano-group.com\/en\/the-pano-network\/","og_site_name":"Entreprendre avec PANO","article_modified_time":"2026-02-06T13:25:48+00:00","og_image":[{"width":1024,"height":682,"url":"https:\/\/development.pano-group.com\/wp-content\/uploads\/sites\/202\/2026\/01\/le-reseau-PANO-assemblee-pleniere-1024x682.png","type":"image\/png"}],"twitter_card":"summary_large_image","schema":{"@context":"https:\/\/schema.org","@graph":[{"@type":"WebPage","@id":"https:\/\/development.pano-group.com\/en\/the-pano-network\/","url":"https:\/\/development.pano-group.com\/en\/the-pano-network\/","name":"The PANO network","isPartOf":{"@id":"https:\/\/development.pano-group.com\/en\/#website"},"primaryImageOfPage":{"@id":"https:\/\/development.pano-group.com\/en\/the-pano-network\/#primaryimage"},"image":{"@id":"https:\/\/development.pano-group.com\/en\/the-pano-network\/#primaryimage"},"thumbnailUrl":"https:\/\/development.pano-group.com\/wp-content\/uploads\/sites\/202\/2026\/01\/le-reseau-PANO-assemblee-pleniere.png","datePublished":"2025-11-17T09:41:50+00:00","dateModified":"2026-02-06T13:25:48+00:00","description":"Discover the PANO network, its history and its development over the years to become the European leader.","breadcrumb":{"@id":"https:\/\/development.pano-group.com\/en\/the-pano-network\/#breadcrumb"},"inLanguage":"en-US","potentialAction":[{"@type":"ReadAction","target":["https:\/\/development.pano-group.com\/en\/the-pano-network\/"]}]},{"@type":"ImageObject","inLanguage":"en-US","@id":"https:\/\/development.pano-group.com\/en\/the-pano-network\/#primaryimage","url":"https:\/\/development.pano-group.com\/wp-content\/uploads\/sites\/202\/2026\/01\/le-reseau-PANO-assemblee-pleniere.png","contentUrl":"https:\/\/development.pano-group.com\/wp-content\/uploads\/sites\/202\/2026\/01\/le-reseau-PANO-assemblee-pleniere.png","width":1700,"height":1133,"caption":"le r\u00e9seau PANO concessionnaire pendant l'assembl\u00e9e pl\u00e9ni\u00e8re"},{"@type":"BreadcrumbList","@id":"https:\/\/development.pano-group.com\/en\/the-pano-network\/#breadcrumb","itemListElement":[{"@type":"ListItem","position":1,"name":"Accueil","item":"https:\/\/development.pano-group.com\/en\/become-a-player-in-visual-communication-with-pano\/"},{"@type":"ListItem","position":2,"name":"The PANO network"}]},{"@type":"WebSite","@id":"https:\/\/development.pano-group.com\/en\/#website","url":"https:\/\/development.pano-group.com\/en\/","name":"Entreprendre avec PANO","description":"","potentialAction":[{"@type":"SearchAction","target":{"@type":"EntryPoint","urlTemplate":"https:\/\/development.pano-group.com\/en\/?s={search_term_string}"},"query-input":{"@type":"PropertyValueSpecification","valueRequired":true,"valueName":"search_term_string"}}],"inLanguage":"en-US"}]}},"_links":{"self":[{"href":"https:\/\/development.pano-group.com\/en\/wp-json\/wp\/v2\/pages\/3401","targetHints":{"allow":["GET"]}}],"collection":[{"href":"https:\/\/development.pano-group.com\/en\/wp-json\/wp\/v2\/pages"}],"about":[{"href":"https:\/\/development.pano-group.com\/en\/wp-json\/wp\/v2\/types\/page"}],"author":[{"embeddable":true,"href":"https:\/\/development.pano-group.com\/en\/wp-json\/wp\/v2\/users\/13"}],"replies":[{"embeddable":true,"href":"https:\/\/development.pano-group.com\/en\/wp-json\/wp\/v2\/comments?post=3401"}],"version-history":[{"count":1,"href":"https:\/\/development.pano-group.com\/en\/wp-json\/wp\/v2\/pages\/3401\/revisions"}],"predecessor-version":[{"id":3595,"href":"https:\/\/development.pano-group.com\/en\/wp-json\/wp\/v2\/pages\/3401\/revisions\/3595"}],"wp:featuredmedia":[{"embeddable":true,"href":"https:\/\/development.pano-group.com\/en\/wp-json\/wp\/v2\/media\/3249"}],"wp:attachment":[{"href":"https:\/\/development.pano-group.com\/en\/wp-json\/wp\/v2\/media?parent=3401"}],"curies":[{"name":"wp","href":"https:\/\/api.w.org\/{rel}","templated":true}]}}