{"id":3336,"date":"2025-12-11T17:44:14","date_gmt":"2025-12-11T16:44:14","guid":{"rendered":"https:\/\/development.pano-group.com\/karte-der-pano-masters\/"},"modified":"2026-02-05T16:23:43","modified_gmt":"2026-02-05T15:23:43","slug":"karte-der-pano-masters","status":"publish","type":"page","link":"https:\/\/development.pano-group.com\/de\/karte-der-pano-masters\/","title":{"rendered":"Karte der PANO-Masters"},"content":{"rendered":"<p data-start=\"0\" data-end=\"265\">Das PANO-Netzwerk ist weltweit in mehr als 170 Niederlassungen vertreten und st\u00fctzt sich bei der Strukturierung und Steuerung seiner internationalen Entwicklung auf die PANO-Master. Diese interaktive Karte zeigt alle Master-Standorte und verf\u00fcgbaren M\u00f6glichkeiten:<\/p>\n<p data-start=\"267\" data-end=\"344\"><img decoding=\"async\" class=\"wp-image-2190 map-icon-in-content\" src=\"https:\/\/development.pano-group.com\/wp-content\/uploads\/sites\/202\/2025\/12\/pin-pano-rouge.png\" alt=\"\">  Bestehender Master PANO <img loading=\"lazy\" decoding=\"async\" width=\"30\" height=\"30\" class=\"wp-image-2190 map-icon-in-content\" src=\"https:\/\/development.pano-group.com\/wp-content\/uploads\/sites\/202\/2025\/12\/pin-pano-orange.png\" alt=\"\"> Master PANO zu \u00fcbernehmen <img decoding=\"async\" class=\"wp-image-2190 map-icon-in-content\" src=\"https:\/\/development.pano-group.com\/wp-content\/uploads\/sites\/202\/2025\/12\/pin-pano-vert.png\" alt=\"\"> Verf\u00fcgbarer Sektor<strong data-start=\"267\" data-end=\"291\"><br \/><\/strong><\/p>\n<p data-start=\"346\" data-end=\"617\">Sie bietet Ihnen eine klare und aktuelle \u00dcbersicht \u00fcber die Entwicklung des Netzwerks und die Gebiete, in denen ein Master gegr\u00fcndet oder \u00fcbernommen werden kann. Auf einen Blick sehen Sie, welche Gebiete bereits abgedeckt sind, welche M\u00e4rkte noch offen sind und welche \u00dcbernahmechancen sich bieten.<\/p>\n<p data-start=\"619\" data-end=\"809\">Als echter Vermittler der Marke spielt der PANO-Master eine Schl\u00fcsselrolle bei der Einf\u00fchrung des Konzepts, der Begleitung der Er\u00f6ffnung lokaler Niederlassungen, der Animation des Netzes und der Gew\u00e4hrleistung der Einhaltung der PANO-Standards.<\/p>\n<p data-start=\"811\" data-end=\"1001\" data-is-last-node=\"\" data-is-only-node=\"\">M\u00f6chten Sie die Entwicklung eines strukturierten Netzwerks auf der Ebene eines Landes oder einer geographischen Zone unterst\u00fctzen?<\/p>\n<p data-start=\"811\" data-end=\"1001\" data-is-last-node=\"\" data-is-only-node=\"\">Erkunden Sie die Karte und entdecken Sie die verf\u00fcgbaren Master PANO M\u00f6glichkeiten.<\/p>\n\n<div class=\"wp-block-columns legendes-carte carte-agences-reprendre is-layout-flex wp-container-core-columns-is-layout-9d6595d7 wp-block-columns-is-layout-flex\">\n<div class=\"wp-block-column map-wrapper is-layout-flow wp-block-column-is-layout-flow\">\n\n            <style>.wpgmza_table_marker { display: none; }<\/style>\n            \n            \n            <a name='map6'><\/a>\n            <div class='wpgmza-marker-listing-category-filter' data-map-id='6' id='wpgmza_filter_6' style='text-align:left; margin-bottom:0px;'><span>Filter by<\/span><div style=\"overflow:auto; display:block; width:100%; height:auto; margin-top:10px;\"><div class=\"wpgmza_cat_checkbox_holder wpgmza_cat_checkbox_6\"><ul class=\"wpgmza_cat_ul wpgmza_cat_checkbox_item_holder\"><li class=\"wpgmza_cat_checkbox_item_holder wpgmza_cat_checkbox_item_holder_12\"><input type=\"checkbox\" value=\"12\" class=\"wpgmza_checkbox\" id=\"wpgmza_cat_checkbox_12\" name=\"wpgmza_cat_checkbox\" mid=\"6\"><label for=\"wpgmza_cat_checkbox_12\">Master PANO \u00e0 reprendre<\/label><\/li><li class=\"wpgmza_cat_checkbox_item_holder wpgmza_cat_checkbox_item_holder_11\"><input type=\"checkbox\" value=\"11\" class=\"wpgmza_checkbox\" id=\"wpgmza_cat_checkbox_11\" name=\"wpgmza_cat_checkbox\" mid=\"6\"><label for=\"wpgmza_cat_checkbox_11\">Master PANO existante<\/label><\/li><li class=\"wpgmza_cat_checkbox_item_holder wpgmza_cat_checkbox_item_holder_13\"><input type=\"checkbox\" value=\"13\" class=\"wpgmza_checkbox\" id=\"wpgmza_cat_checkbox_13\" name=\"wpgmza_cat_checkbox\" mid=\"6\"><label for=\"wpgmza_cat_checkbox_13\">Secteur disponible<\/label><\/li><\/ul><\/div><\/div><\/div>\n            \n            \n            \n            <div class=\"wpgmza-filter-widgets\" data-map-id=\"6\"><select data-wpgmza-filter-widget-class=\"WPGMZA\\CustomFieldFilterWidget\\Dropdown\" data-map-id=\"6\" data-field-id=\"8\" =\"\"><option value=\"\" disabled selected style=\"display: none;\">Type Master<\/option><option>Master PANO existante<\/option><option>Secteur disponible<\/option><\/select><button type=\"button\" class=\"wpgmza-reset-custom-fields\">Reset<\/button><\/div><div class=\"wpgmza_map \"  id=\"wpgmza_map_6\" style=\"display:block; overflow:auto; width:100%; height:600px; float:left;\" data-settings='{\"id\":\"6\",\"map_title\":\"Carte - Master international\",\"map_width\":\"100\",\"map_height\":\"600\",\"map_start_lat\":\"45.45203090000001\",\"map_start_lng\":\"4.4078016\",\"map_start_location\":\"45.950464398418106,-109.81550500000003\",\"map_start_zoom\":\"2\",\"default_marker\":\"\",\"type\":\"1\",\"alignment\":\"4\",\"directions_enabled\":\"0\",\"styling_enabled\":\"0\",\"styling_json\":\"\",\"active\":\"0\",\"kml\":\"\",\"bicycle\":\"0\",\"traffic\":\"0\",\"dbox\":\"1\",\"dbox_width\":\"100\",\"listmarkers\":\"0\",\"listmarkers_advanced\":\"0\",\"filterbycat\":\"1\",\"ugm_enabled\":\"0\",\"ugm_category_enabled\":\"0\",\"fusion\":\"\",\"map_width_type\":\"%\",\"map_height_type\":\"px\",\"mass_marker_support\":\"2\",\"ugm_access\":\"0\",\"order_markers_by\":\"7\",\"order_markers_choice\":\"1\",\"show_user_location\":\"0\",\"default_to\":\"\",\"other_settings\":{\"map_type\":1,\"sl_stroke_color\":\"#ff0000\",\"sl_fill_color\":\"#ff0000\",\"sl_stroke_opacity\":\"1\",\"sl_fill_opacity\":\"0.5\",\"transport_layer\":false,\"shortcodeAttributes\":{\"id\":\"6\"},\"action\":\"wpgmza_save_map\",\"redirect_to\":\"\\\/wp-admin\\\/admin-post.php\",\"map_id\":\"6\",\"http_referer\":\"\\\/global\\\/wp-admin\\\/admin.php?page=wp-google-maps-menu&amp;amp;action=edit&amp;amp;map_id=1\",\"wpgmza_id\":\"1\",\"wpgmza_start_location\":\"45.45203090000001,4.4078016\",\"wpgmza_start_zoom\":\"2\",\"wpgmza_dbox_width_type\":\"%\",\"default_from\":\"\",\"directions_behaviour\":\"default\",\"force_google_directions_app\":false,\"directions_route_origin_icon\":\"https:\\\/\\\/pano-group.com\\\/global\\\/wp-content\\\/plugins\\\/wp-google-maps\\\/images\\\/spotlight-poi3.png\",\"directions_origin_retina\":false,\"directions_route_destination_icon\":\"https:\\\/\\\/pano-group.com\\\/global\\\/wp-content\\\/plugins\\\/wp-google-maps\\\/images\\\/spotlight-poi3.png\",\"directions_destination_retina\":false,\"directions_route_stroke_color\":\"#4f8df5\",\"directions_route_stroke_weight\":\"4\",\"directions_route_stroke_opacity\":\"0.8\",\"directions_fit_bounds_to_route\":false,\"store_locator_enabled\":true,\"store_locator_search_area\":\"radial\",\"wpgmza_store_locator_radius_style\":\"modern\",\"wpgmza_store_locator_default_radius\":\"25\",\"store_locator_auto_area_max_zoom\":\"\",\"wpgmza_store_locator_restrict\":\"\",\"store_locator_distance\":false,\"wpgmza_store_locator_position\":true,\"store_locator_show_distance\":false,\"store_locator_category\":false,\"wpgmza_store_locator_use_their_location\":false,\"wpgmza_store_locator_bounce\":false,\"upload_default_sl_marker\":\"\",\"upload_default_sl_marker_retina\":false,\"wpgmza_sl_animation\":\"0\",\"wpgmza_store_locator_hide_before_search\":false,\"store_locator_query_string\":\"\",\"store_locator_location_placeholder\":\"\",\"store_locator_default_address\":\"\",\"store_locator_name_search\":false,\"store_locator_name_string\":\"\",\"store_locator_not_found_message\":\"\",\"retina\":false,\"wpgmza_map_align\":\"1\",\"upload_default_ul_marker\":\"\\\/\\\/pano-group.com\\\/global\\\/wp-content\\\/uploads\\\/sites\\\/187\\\/2025\\\/05\\\/pin-home.png\",\"upload_default_ul_marker_retina\":false,\"jump_to_nearest_marker_on_initialization\":false,\"automatically_pan_to_users_location\":false,\"override_users_location_zoom_level\":false,\"override_users_location_zoom_levels\":\"\",\"show_distance_from_location\":false,\"map_max_zoom\":\"21\",\"map_min_zoom\":\"0\",\"click_open_link\":false,\"fit_maps_bounds_to_markers\":true,\"fit_maps_bounds_to_markers_after_filtering\":true,\"hide_point_of_interest\":false,\"wpgmza_zoom_on_marker_click\":false,\"wpgmza_zoom_on_marker_click_slider\":\"\",\"close_infowindow_on_map_click\":false,\"disable_lightbox_images\":false,\"use_Raw_Jpeg_Coordinates\":false,\"disable_polygon_info_windows\":false,\"enable_advanced_custom_fields_integration\":false,\"enable_advanced_custom_fields_integration_type\":\"\",\"enable_toolset_woocommerce_integration\":false,\"enable_woo_product_integration\":false,\"enable_marker_labels\":false,\"only_load_markers_within_viewport\":false,\"zoom_level_mobile_override_enabled\":false,\"zoom_level_mobile_override\":\"\",\"iw_primary_color\":\"#000000\",\"iw_accent_color\":\"#000000\",\"iw_text_color\":\"#000000\",\"wpgmza_listmarkers_by\":\"7\",\"wpgmza_marker_listing_position\":false,\"zoom_level_on_marker_listing_override\":false,\"zoom_level_on_marker_listing_click\":\"21\",\"marker_listing_disable_zoom\":false,\"datatable_no_result_message\":\"\",\"remove_search_box_datables\":false,\"dataTable_pagination_style\":\"hidden\",\"datatable_search_string\":\"\",\"datatable_result_start\":\"\",\"datatable_result_of\":\"\",\"datatable_result_to\":\"\",\"datatable_result_total\":\"\",\"datatable_result_show\":\"\",\"datatable_result_entries\":\"\",\"wpgmza_savemap\":\"Enregistrer la carte \\u00bb\",\"enable_marker_ratings\":false,\"enable_filter_custom_field_1\":true,\"enable_filter_custom_field_2\":false,\"wpgmza_theme_data\":\"[]\",\"polygon_labels\":false,\"wpgmza_push_in_map\":false,\"wpgmza_push_in_map_placement\":\"1\",\"wpgmza_push_in_map_width\":\"\",\"wpgmza_push_in_map_height\":\"\",\"wpgmza_theme\":\"0\",\"enable_filter_custom_field_3\":false,\"enable_filter_custom_field_7\":true,\"enable_filter_custom_field_8\":true}}' data-map-id='6' data-shortcode-attributes='{\"id\":\"6\"}'> <\/div>\n            <div class=\"wpgmza-store-locator wpgmza_sl_main_div\" data-id=\"6\">\n\t<div class=\"wpgmza-address-container wpgmza-form-field wpgmza_sl_query_div\">\n\t\t<label class=\"wpgmza-address wpgmza-form-field__label wpgmza-form-field__label--float\" data-name=\"addressLabel\" for=\"addressInput_6\">PLZ \/ Adresse:<\/label>\n\t\t<input class=\"wpgmza-address addressInput\" type=\"text\" placeholder=\"Einen Ort eingeben\" autocomplete=\"off\" data-name=\"defaultAddress\" value=\"\" id=\"addressInput_6\" size=\"20\">\n\t<\/div>\n\t\n\t<div class=\"wpgmza-radius-container wpgmza-form-field wpgmza_sl_radius_div wpgmza-clearfix\">\n\t\t<label class=\"wpgmza-radius wpgmza-form-field__label wpgmza-form-field__label--float\" for=\"radiusSelect_6\">\n\t\t\tRadius:\t\t<\/label>\n\t\t<select class=\"wpgmza-radius wpgmza-form-field__input wpgmza_sl_radius_select\" id=\"radiusSelect_6\"><option class=\"wpgmza-radius wpgmza_sl_select_option\" value=\"25\" selected>25km<\/option><option class=\"wpgmza-radius wpgmza_sl_select_option\" value=\"50\">50km<\/option><option class=\"wpgmza-radius wpgmza_sl_select_option\" value=\"100\">100km<\/option><option class=\"wpgmza-radius wpgmza_sl_select_option\" value=\"150\">150km<\/option><\/select>\n\t<\/div>\n\t\n\t<div class=\"wpgmza-search wpgmza_sl_search_button_div\"><input class=\"wpgmza-search wpgmza_sl_search_button_6\" value=\"Suche\" type=\"button\" onclick=\"searchLocations(6)\" mid=\"6\"><\/div>\n\t\n\t<div class=\"wpgmza-reset wpgmza_sl_reset_button_div\">\n\t<input class=\"wpgmza-reset wpgmza_sl_reset_button_6\" type=\"button\" value=\"Reset\" mid=\"6\" onclick=\"resetLocations(6)\">\n<\/div><div class=\"wpgmza-no-results wpgmza-not-found-msg js-not-found-msg\" style=\"display: none;\">\n\t\t<p data-name=\"notFoundMessage\">Keine Ergebnisse in dieser Position gefunden. Bitte versuche es erneut.<\/p>\n\t<\/div>\n<\/div>\n            <div data-wpgmza-table data-wpgmza-php-class=\"WPGMZA\\MarkerListing\\Grid\" data-wpgmza-rest-api-route=\"\/marker-listing\/\" data-wpgmza-marker-listing=\"true\" class=\"wpgmza_marker_list_class wpgmza-marker-grid\" style=\"width:100%;\" data-wpgmza-ajax-parameters='{\"map_id\":\"6\"}' id=\"wpgmza_marker_list_6\"><\/div>   \n        \n<\/div>\n<\/div>\n","protected":false},"excerpt":{"rendered":"<p>Das PANO-Netzwerk ist weltweit in mehr als 170 Niederlassungen vertreten und st\u00fctzt sich bei der Strukturierung und Steuerung seiner internationalen [&hellip;]<\/p>\n","protected":false},"author":1,"featured_media":0,"parent":0,"menu_order":0,"comment_status":"closed","ping_status":"closed","template":"page-templates\/agences.php","meta":{"_acf_changed":false,"footnotes":""},"class_list":["post-3336","page","type-page","status-publish","hentry"],"acf":[],"yoast_head":"<!-- This site is optimized with the Yoast SEO Premium plugin v25.8 (Yoast SEO v25.8) - https:\/\/yoast.com\/wordpress\/plugins\/seo\/ -->\n<title>Karte der PANO-Masters<\/title>\n<meta name=\"description\" content=\"Entdecken Sie die Karte der PANO-Masters mit allen L\u00e4ndern, die besetzt oder f\u00fcr eine internationale Expansion verf\u00fcgbar sind.\" \/>\n<meta name=\"robots\" content=\"index, follow, max-snippet:-1, max-image-preview:large, max-video-preview:-1\" \/>\n<link rel=\"canonical\" href=\"https:\/\/development.pano-group.com\/de\/karte-der-pano-masters\/\" \/>\n<meta property=\"og:locale\" content=\"de_DE\" \/>\n<meta property=\"og:type\" content=\"article\" \/>\n<meta property=\"og:title\" content=\"Karte der PANO-Masters\" \/>\n<meta property=\"og:description\" content=\"Entdecken Sie die Karte der PANO-Masters mit allen L\u00e4ndern, die besetzt oder f\u00fcr eine internationale Expansion verf\u00fcgbar sind.\" \/>\n<meta property=\"og:url\" content=\"https:\/\/development.pano-group.com\/de\/karte-der-pano-masters\/\" \/>\n<meta property=\"og:site_name\" content=\"Entreprendre avec PANO\" \/>\n<meta property=\"article:modified_time\" content=\"2026-02-05T15:23:43+00:00\" \/>\n<meta property=\"og:image\" content=\"https:\/\/development.pano-group.com\/wp-content\/uploads\/sites\/202\/2025\/12\/pin-pano-orange.png\" \/>\n\t<meta property=\"og:image:width\" content=\"30\" \/>\n\t<meta property=\"og:image:height\" content=\"30\" \/>\n\t<meta property=\"og:image:type\" content=\"image\/png\" \/>\n<meta name=\"twitter:card\" content=\"summary_large_image\" \/>\n<meta name=\"twitter:label1\" content=\"Gesch\u00e4tzte Lesezeit\" \/>\n\t<meta name=\"twitter:data1\" content=\"1\u00a0Minute\" \/>\n<script type=\"application\/ld+json\" class=\"yoast-schema-graph\">{\"@context\":\"https:\/\/schema.org\",\"@graph\":[{\"@type\":\"WebPage\",\"@id\":\"https:\/\/development.pano-group.com\/de\/karte-der-pano-masters\/\",\"url\":\"https:\/\/development.pano-group.com\/de\/karte-der-pano-masters\/\",\"name\":\"Karte der PANO-Masters\",\"isPartOf\":{\"@id\":\"https:\/\/development.pano-group.com\/de\/#website\"},\"primaryImageOfPage\":{\"@id\":\"https:\/\/development.pano-group.com\/de\/karte-der-pano-masters\/#primaryimage\"},\"image\":{\"@id\":\"https:\/\/development.pano-group.com\/de\/karte-der-pano-masters\/#primaryimage\"},\"thumbnailUrl\":\"https:\/\/development.pano-group.com\/wp-content\/uploads\/sites\/202\/2025\/12\/pin-pano-rouge.png\",\"datePublished\":\"2025-12-11T16:44:14+00:00\",\"dateModified\":\"2026-02-05T15:23:43+00:00\",\"description\":\"Entdecken Sie die Karte der PANO-Masters mit allen L\u00e4ndern, die besetzt oder f\u00fcr eine internationale Expansion verf\u00fcgbar sind.\",\"breadcrumb\":{\"@id\":\"https:\/\/development.pano-group.com\/de\/karte-der-pano-masters\/#breadcrumb\"},\"inLanguage\":\"de\",\"potentialAction\":[{\"@type\":\"ReadAction\",\"target\":[\"https:\/\/development.pano-group.com\/de\/karte-der-pano-masters\/\"]}]},{\"@type\":\"ImageObject\",\"inLanguage\":\"de\",\"@id\":\"https:\/\/development.pano-group.com\/de\/karte-der-pano-masters\/#primaryimage\",\"url\":\"https:\/\/development.pano-group.com\/wp-content\/uploads\/sites\/202\/2025\/12\/pin-pano-rouge.png\",\"contentUrl\":\"https:\/\/development.pano-group.com\/wp-content\/uploads\/sites\/202\/2025\/12\/pin-pano-rouge.png\"},{\"@type\":\"BreadcrumbList\",\"@id\":\"https:\/\/development.pano-group.com\/de\/karte-der-pano-masters\/#breadcrumb\",\"itemListElement\":[{\"@type\":\"ListItem\",\"position\":1,\"name\":\"Accueil\",\"item\":\"https:\/\/development.pano-group.com\/de\/mit-pano-zum-akteur-der-visuellen-kommunikation-werden\/\"},{\"@type\":\"ListItem\",\"position\":2,\"name\":\"Karte der PANO-Masters\"}]},{\"@type\":\"WebSite\",\"@id\":\"https:\/\/development.pano-group.com\/de\/#website\",\"url\":\"https:\/\/development.pano-group.com\/de\/\",\"name\":\"Entreprendre avec PANO\",\"description\":\"\",\"potentialAction\":[{\"@type\":\"SearchAction\",\"target\":{\"@type\":\"EntryPoint\",\"urlTemplate\":\"https:\/\/development.pano-group.com\/de\/?s={search_term_string}\"},\"query-input\":{\"@type\":\"PropertyValueSpecification\",\"valueRequired\":true,\"valueName\":\"search_term_string\"}}],\"inLanguage\":\"de\"}]}<\/script>\n<!-- \/ Yoast SEO Premium plugin. -->","yoast_head_json":{"title":"Karte der PANO-Masters","description":"Entdecken Sie die Karte der PANO-Masters mit allen L\u00e4ndern, die besetzt oder f\u00fcr eine internationale Expansion verf\u00fcgbar sind.","robots":{"index":"index","follow":"follow","max-snippet":"max-snippet:-1","max-image-preview":"max-image-preview:large","max-video-preview":"max-video-preview:-1"},"canonical":"https:\/\/development.pano-group.com\/de\/karte-der-pano-masters\/","og_locale":"de_DE","og_type":"article","og_title":"Karte der PANO-Masters","og_description":"Entdecken Sie die Karte der PANO-Masters mit allen L\u00e4ndern, die besetzt oder f\u00fcr eine internationale Expansion verf\u00fcgbar sind.","og_url":"https:\/\/development.pano-group.com\/de\/karte-der-pano-masters\/","og_site_name":"Entreprendre avec PANO","article_modified_time":"2026-02-05T15:23:43+00:00","og_image":[{"width":30,"height":30,"url":"https:\/\/development.pano-group.com\/wp-content\/uploads\/sites\/202\/2025\/12\/pin-pano-orange.png","type":"image\/png"}],"twitter_card":"summary_large_image","twitter_misc":{"Gesch\u00e4tzte Lesezeit":"1\u00a0Minute"},"schema":{"@context":"https:\/\/schema.org","@graph":[{"@type":"WebPage","@id":"https:\/\/development.pano-group.com\/de\/karte-der-pano-masters\/","url":"https:\/\/development.pano-group.com\/de\/karte-der-pano-masters\/","name":"Karte der PANO-Masters","isPartOf":{"@id":"https:\/\/development.pano-group.com\/de\/#website"},"primaryImageOfPage":{"@id":"https:\/\/development.pano-group.com\/de\/karte-der-pano-masters\/#primaryimage"},"image":{"@id":"https:\/\/development.pano-group.com\/de\/karte-der-pano-masters\/#primaryimage"},"thumbnailUrl":"https:\/\/development.pano-group.com\/wp-content\/uploads\/sites\/202\/2025\/12\/pin-pano-rouge.png","datePublished":"2025-12-11T16:44:14+00:00","dateModified":"2026-02-05T15:23:43+00:00","description":"Entdecken Sie die Karte der PANO-Masters mit allen L\u00e4ndern, die besetzt oder f\u00fcr eine internationale Expansion verf\u00fcgbar sind.","breadcrumb":{"@id":"https:\/\/development.pano-group.com\/de\/karte-der-pano-masters\/#breadcrumb"},"inLanguage":"de","potentialAction":[{"@type":"ReadAction","target":["https:\/\/development.pano-group.com\/de\/karte-der-pano-masters\/"]}]},{"@type":"ImageObject","inLanguage":"de","@id":"https:\/\/development.pano-group.com\/de\/karte-der-pano-masters\/#primaryimage","url":"https:\/\/development.pano-group.com\/wp-content\/uploads\/sites\/202\/2025\/12\/pin-pano-rouge.png","contentUrl":"https:\/\/development.pano-group.com\/wp-content\/uploads\/sites\/202\/2025\/12\/pin-pano-rouge.png"},{"@type":"BreadcrumbList","@id":"https:\/\/development.pano-group.com\/de\/karte-der-pano-masters\/#breadcrumb","itemListElement":[{"@type":"ListItem","position":1,"name":"Accueil","item":"https:\/\/development.pano-group.com\/de\/mit-pano-zum-akteur-der-visuellen-kommunikation-werden\/"},{"@type":"ListItem","position":2,"name":"Karte der PANO-Masters"}]},{"@type":"WebSite","@id":"https:\/\/development.pano-group.com\/de\/#website","url":"https:\/\/development.pano-group.com\/de\/","name":"Entreprendre avec PANO","description":"","potentialAction":[{"@type":"SearchAction","target":{"@type":"EntryPoint","urlTemplate":"https:\/\/development.pano-group.com\/de\/?s={search_term_string}"},"query-input":{"@type":"PropertyValueSpecification","valueRequired":true,"valueName":"search_term_string"}}],"inLanguage":"de"}]}},"_links":{"self":[{"href":"https:\/\/development.pano-group.com\/de\/wp-json\/wp\/v2\/pages\/3336","targetHints":{"allow":["GET"]}}],"collection":[{"href":"https:\/\/development.pano-group.com\/de\/wp-json\/wp\/v2\/pages"}],"about":[{"href":"https:\/\/development.pano-group.com\/de\/wp-json\/wp\/v2\/types\/page"}],"author":[{"embeddable":true,"href":"https:\/\/development.pano-group.com\/de\/wp-json\/wp\/v2\/users\/1"}],"replies":[{"embeddable":true,"href":"https:\/\/development.pano-group.com\/de\/wp-json\/wp\/v2\/comments?post=3336"}],"version-history":[{"count":1,"href":"https:\/\/development.pano-group.com\/de\/wp-json\/wp\/v2\/pages\/3336\/revisions"}],"predecessor-version":[{"id":3339,"href":"https:\/\/development.pano-group.com\/de\/wp-json\/wp\/v2\/pages\/3336\/revisions\/3339"}],"wp:attachment":[{"href":"https:\/\/development.pano-group.com\/de\/wp-json\/wp\/v2\/media?parent=3336"}],"curies":[{"name":"wp","href":"https:\/\/api.w.org\/{rel}","templated":true}]}}